{"id":911,"date":"2021-12-11T20:17:03","date_gmt":"2021-12-11T19:17:03","guid":{"rendered":"https:\/\/bijoududoubs.com\/?page_id=911"},"modified":"2024-03-20T09:15:20","modified_gmt":"2024-03-20T08:15:20","slug":"fr-sanitaires","status":"publish","type":"page","link":"https:\/\/bijoududoubs.com\/?page_id=911&lang=fr","title":{"rendered":"FR 0105 Camping &#8211; Nos Sanitaires"},"content":{"rendered":"\n<h2 class=\"wp-block-heading\" style=\"font-size:34px\"><strong><span style=\"color:#7c9a64\" class=\"has-inline-color\">Nos sanitaires<\/span><\/strong><\/h2>\n\n\n\n<p style=\"line-height:1.4\"><mark style=\"background-color:rgba(0, 0, 0, 0);color:#3b7ab4\" class=\"has-inline-color\">M\u00eame si les caravanes et les camping-cars d&#8217;aujourd&#8217;hui sont nettement mieux \u00e9quip\u00e9s que le l\u00e9gendaire bus VW \u00e0 l&#8217;\u00e9poque, les installations sanitaires sont et restent un sujet important pour chaque campeur.<\/mark><br><br><mark style=\"background-color:rgba(0, 0, 0, 0);color:#3b7ab4\" class=\"has-inline-color\">Apr\u00e8s la reprise du terrain au 1er avril 2021, nous avons d\u00e9cid\u00e9 de r\u00e9nover successivement les installations sanitaires.<\/mark><\/p>\n\n\n\n<div class=\"wp-block-columns is-layout-flex wp-container-core-columns-is-layout-9d6595d7 wp-block-columns-is-layout-flex\">\n<div class=\"wp-block-column is-vertically-aligned-center is-layout-flow wp-block-column-is-layout-flow\">\n<p><mark style=\"background-color:rgba(0, 0, 0, 0);color:#3b7ab4\" class=\"has-inline-color\">Apr\u00e8s un processus de planification, d&#8217;autorisation et de construction difficile, un <strong>nouveau bloc sanitaire<\/strong> a \u00e9t\u00e9 mis en service pour la saison 2022 : Avec des toilettes, des urinoirs et un grand espace accessible aux fauteuils roulants (avec toilettes, lavabo et douche), un premier grand pas a \u00e9t\u00e9 fait vers une am\u00e9lioration de la qualit\u00e9.<\/mark><\/p>\n<\/div>\n\n\n\n<div class=\"wp-block-column is-vertically-aligned-center is-layout-flow wp-block-column-is-layout-flow\">\n<figure class=\"wp-block-image size-large\"><img loading=\"lazy\" decoding=\"async\" width=\"768\" height=\"1024\" src=\"https:\/\/bijoududoubs.com\/wp-content\/uploads\/2022\/05\/0105-fertiges-PMR-768x1024.jpg\" alt=\"\" class=\"wp-image-4617\" srcset=\"https:\/\/bijoududoubs.com\/wp-content\/uploads\/2022\/05\/0105-fertiges-PMR-768x1024.jpg 768w, https:\/\/bijoududoubs.com\/wp-content\/uploads\/2022\/05\/0105-fertiges-PMR-225x300.jpg 225w, https:\/\/bijoududoubs.com\/wp-content\/uploads\/2022\/05\/0105-fertiges-PMR-1152x1536.jpg 1152w, https:\/\/bijoududoubs.com\/wp-content\/uploads\/2022\/05\/0105-fertiges-PMR-1536x2048.jpg 1536w, https:\/\/bijoududoubs.com\/wp-content\/uploads\/2022\/05\/0105-fertiges-PMR-scaled.jpg 1920w\" sizes=\"auto, (max-width: 767px) 89vw, (max-width: 1000px) 54vw, (max-width: 1071px) 543px, 580px\" \/><figcaption class=\"wp-element-caption\"><mark style=\"background-color:rgba(0, 0, 0, 0);color:#3b7ab4\" class=\"has-inline-color\">Mai 2022 : Le local PMR est termin\u00e9 !<\/mark><\/figcaption><\/figure>\n<\/div>\n<\/div>\n\n\n\n<div class=\"wp-block-columns is-layout-flex wp-container-core-columns-is-layout-9d6595d7 wp-block-columns-is-layout-flex\">\n<div class=\"wp-block-column is-vertically-aligned-center is-layout-flow wp-block-column-is-layout-flow\">\n<figure class=\"wp-block-image size-large\"><img loading=\"lazy\" decoding=\"async\" width=\"768\" height=\"1024\" src=\"https:\/\/bijoududoubs.com\/wp-content\/uploads\/2024\/03\/0105-Waschraum-2024-768x1024.jpg\" alt=\"\" class=\"wp-image-6095\" srcset=\"https:\/\/bijoududoubs.com\/wp-content\/uploads\/2024\/03\/0105-Waschraum-2024-768x1024.jpg 768w, https:\/\/bijoududoubs.com\/wp-content\/uploads\/2024\/03\/0105-Waschraum-2024-225x300.jpg 225w, https:\/\/bijoududoubs.com\/wp-content\/uploads\/2024\/03\/0105-Waschraum-2024-1152x1536.jpg 1152w, https:\/\/bijoududoubs.com\/wp-content\/uploads\/2024\/03\/0105-Waschraum-2024.jpg 1200w\" sizes=\"auto, (max-width: 767px) 89vw, (max-width: 1000px) 54vw, (max-width: 1071px) 543px, 580px\" \/><\/figure>\n<\/div>\n\n\n\n<div class=\"wp-block-column is-vertically-aligned-center is-layout-flow wp-block-column-is-layout-flow\">\n<p><mark style=\"background-color:rgba(0, 0, 0, 0);color:#3b7ab4\" class=\"has-inline-color\">Une nouvelle \u00e9tape de r\u00e9novation a \u00e9t\u00e9 franchie pour la saison 2024 dans la salle d&#8217;eau : de nouveaux carreaux, les lavabos ont \u00e9galement \u00e9t\u00e9 \u00e9quip\u00e9s d&#8217;eau chaude et il y a d\u00e9sormais un lavabo bas &#8211; sp\u00e9cialement pour nos jeunes h\u00f4tes !<\/mark><\/p>\n<\/div>\n<\/div>\n\n\n\n<p style=\"line-height:1.4\"><mark style=\"background-color:rgba(0, 0, 0, 0);color:#3b7ab4\" class=\"has-inline-color\">Bien entendu, les douches gratuites avec eau chaude et froide, les lavabos et une cabine de lavage individuelle font partie de l&#8217;\u00e9quipement du terrain.<\/mark> <mark style=\"background-color:rgba(0, 0, 0, 0);color:#3b7ab4\" class=\"has-inline-color\">Pour faire la vaisselle,  cinq \u00e9viers avec eau chaude et froide sont \u00e0 votre disposition.<\/mark><br><br><mark style=\"background-color:rgba(0, 0, 0, 0);color:#3b7ab4\" class=\"has-inline-color\">\u00c0 partir de la saison 2022, une <strong>machine \u00e0 laver<\/strong> est disponible contre paiement.<\/mark><br><br><mark style=\"background-color:rgba(0, 0, 0, 0);color:#3b7ab4\" class=\"has-inline-color\">Malgr\u00e9 un nettoyage r\u00e9gulier, nous ne pouvons malheureusement pas garantir des installations sanitaires 100% &#8222;sans plaintes&#8220;. Merci de nous aider \u00e0 maintenir les installations sanitaires en ordre et propres pour tous les h\u00f4tes. <strong>MERCI BEAUCOUP!<\/strong>   <\/mark><\/p>\n\n\n\n<figure class=\"wp-block-gallery has-nested-images columns-default is-cropped wp-block-gallery-1 is-layout-flex wp-block-gallery-is-layout-flex\">\n<figure class=\"wp-block-image size-large\"><img loading=\"lazy\" decoding=\"async\" width=\"1024\" height=\"768\" data-id=\"3042\" src=\"https:\/\/bijoududoubs.com\/wp-content\/uploads\/2021\/12\/Bau-vom-Bouleplatz-aus-1024x768.jpg\" alt=\"\" class=\"wp-image-3042\" srcset=\"https:\/\/bijoududoubs.com\/wp-content\/uploads\/2021\/12\/Bau-vom-Bouleplatz-aus-1024x768.jpg 1024w, https:\/\/bijoududoubs.com\/wp-content\/uploads\/2021\/12\/Bau-vom-Bouleplatz-aus-300x225.jpg 300w, https:\/\/bijoududoubs.com\/wp-content\/uploads\/2021\/12\/Bau-vom-Bouleplatz-aus-768x576.jpg 768w, https:\/\/bijoududoubs.com\/wp-content\/uploads\/2021\/12\/Bau-vom-Bouleplatz-aus-1536x1152.jpg 1536w, https:\/\/bijoududoubs.com\/wp-content\/uploads\/2021\/12\/Bau-vom-Bouleplatz-aus-2048x1536.jpg 2048w\" sizes=\"auto, (max-width: 767px) 89vw, (max-width: 1000px) 54vw, (max-width: 1071px) 543px, 580px\" \/><\/figure>\n\n\n\n<figure class=\"wp-block-image size-large\"><img loading=\"lazy\" decoding=\"async\" width=\"768\" height=\"1024\" data-id=\"3036\" src=\"https:\/\/bijoududoubs.com\/wp-content\/uploads\/2021\/12\/Bau-von-schraeg-768x1024.jpg\" alt=\"\" class=\"wp-image-3036\" srcset=\"https:\/\/bijoududoubs.com\/wp-content\/uploads\/2021\/12\/Bau-von-schraeg-768x1024.jpg 768w, https:\/\/bijoududoubs.com\/wp-content\/uploads\/2021\/12\/Bau-von-schraeg-225x300.jpg 225w, https:\/\/bijoududoubs.com\/wp-content\/uploads\/2021\/12\/Bau-von-schraeg-1152x1536.jpg 1152w, https:\/\/bijoududoubs.com\/wp-content\/uploads\/2021\/12\/Bau-von-schraeg-1536x2048.jpg 1536w, https:\/\/bijoududoubs.com\/wp-content\/uploads\/2021\/12\/Bau-von-schraeg-scaled.jpg 1920w\" sizes=\"auto, (max-width: 767px) 89vw, (max-width: 1000px) 54vw, (max-width: 1071px) 543px, 580px\" \/><\/figure>\n\n\n\n<figure class=\"wp-block-image size-large\"><img loading=\"lazy\" decoding=\"async\" width=\"768\" height=\"1024\" data-id=\"3039\" src=\"https:\/\/bijoududoubs.com\/wp-content\/uploads\/2021\/12\/Bau-von-Daniel-aus-768x1024.jpg\" alt=\"\" class=\"wp-image-3039\" srcset=\"https:\/\/bijoududoubs.com\/wp-content\/uploads\/2021\/12\/Bau-von-Daniel-aus-768x1024.jpg 768w, https:\/\/bijoududoubs.com\/wp-content\/uploads\/2021\/12\/Bau-von-Daniel-aus-225x300.jpg 225w, https:\/\/bijoududoubs.com\/wp-content\/uploads\/2021\/12\/Bau-von-Daniel-aus-1152x1536.jpg 1152w, https:\/\/bijoududoubs.com\/wp-content\/uploads\/2021\/12\/Bau-von-Daniel-aus-1536x2048.jpg 1536w, https:\/\/bijoududoubs.com\/wp-content\/uploads\/2021\/12\/Bau-von-Daniel-aus-scaled.jpg 1920w\" sizes=\"auto, (max-width: 767px) 89vw, (max-width: 1000px) 54vw, (max-width: 1071px) 543px, 580px\" \/><\/figure>\n<figcaption class=\"blocks-gallery-caption wp-element-caption\"><mark style=\"background-color:rgba(0, 0, 0, 0);color:#3b7ab4\" class=\"has-inline-color\">Situation de la construction en janvier 2022<\/mark><\/figcaption><\/figure>\n\n\n\n<figure class=\"wp-block-gallery has-nested-images columns-default is-cropped wp-block-gallery-2 is-layout-flex wp-block-gallery-is-layout-flex\">\n<figure class=\"wp-block-image size-large\"><img loading=\"lazy\" decoding=\"async\" width=\"1920\" height=\"2560\" data-id=\"4250\" src=\"https:\/\/bijoududoubs.com\/wp-content\/uploads\/2022\/03\/0105-Raum-PMR-DE-scaled.jpg\" alt=\"\" class=\"wp-image-4250\" srcset=\"https:\/\/bijoududoubs.com\/wp-content\/uploads\/2022\/03\/0105-Raum-PMR-DE-scaled.jpg 1920w, https:\/\/bijoududoubs.com\/wp-content\/uploads\/2022\/03\/0105-Raum-PMR-DE-225x300.jpg 225w, https:\/\/bijoududoubs.com\/wp-content\/uploads\/2022\/03\/0105-Raum-PMR-DE-768x1024.jpg 768w, https:\/\/bijoududoubs.com\/wp-content\/uploads\/2022\/03\/0105-Raum-PMR-DE-1152x1536.jpg 1152w, https:\/\/bijoududoubs.com\/wp-content\/uploads\/2022\/03\/0105-Raum-PMR-DE-1536x2048.jpg 1536w\" sizes=\"auto, (max-width: 767px) 89vw, (max-width: 1000px) 54vw, (max-width: 1071px) 543px, 580px\" \/><\/figure>\n\n\n\n<figure class=\"wp-block-image size-large\"><img loading=\"lazy\" decoding=\"async\" width=\"2560\" height=\"1920\" data-id=\"4247\" src=\"https:\/\/bijoududoubs.com\/wp-content\/uploads\/2022\/03\/0105-Fenster-Toiletten-DE-scaled.jpg\" alt=\"\" class=\"wp-image-4247\" srcset=\"https:\/\/bijoududoubs.com\/wp-content\/uploads\/2022\/03\/0105-Fenster-Toiletten-DE-scaled.jpg 2560w, https:\/\/bijoududoubs.com\/wp-content\/uploads\/2022\/03\/0105-Fenster-Toiletten-DE-300x225.jpg 300w, https:\/\/bijoududoubs.com\/wp-content\/uploads\/2022\/03\/0105-Fenster-Toiletten-DE-1024x768.jpg 1024w, https:\/\/bijoududoubs.com\/wp-content\/uploads\/2022\/03\/0105-Fenster-Toiletten-DE-768x576.jpg 768w, https:\/\/bijoududoubs.com\/wp-content\/uploads\/2022\/03\/0105-Fenster-Toiletten-DE-1536x1152.jpg 1536w, https:\/\/bijoududoubs.com\/wp-content\/uploads\/2022\/03\/0105-Fenster-Toiletten-DE-2048x1536.jpg 2048w\" sizes=\"auto, (max-width: 767px) 89vw, (max-width: 1000px) 54vw, (max-width: 1071px) 543px, 580px\" \/><\/figure>\n\n\n\n<figure class=\"wp-block-image size-large\"><img loading=\"lazy\" decoding=\"async\" width=\"2560\" height=\"1920\" data-id=\"4244\" src=\"https:\/\/bijoududoubs.com\/wp-content\/uploads\/2022\/03\/0105-Fenster-Duschen-DE-scaled.jpg\" alt=\"\" class=\"wp-image-4244\" srcset=\"https:\/\/bijoududoubs.com\/wp-content\/uploads\/2022\/03\/0105-Fenster-Duschen-DE-scaled.jpg 2560w, https:\/\/bijoududoubs.com\/wp-content\/uploads\/2022\/03\/0105-Fenster-Duschen-DE-300x225.jpg 300w, https:\/\/bijoududoubs.com\/wp-content\/uploads\/2022\/03\/0105-Fenster-Duschen-DE-1024x768.jpg 1024w, https:\/\/bijoududoubs.com\/wp-content\/uploads\/2022\/03\/0105-Fenster-Duschen-DE-768x576.jpg 768w, https:\/\/bijoududoubs.com\/wp-content\/uploads\/2022\/03\/0105-Fenster-Duschen-DE-1536x1152.jpg 1536w, https:\/\/bijoududoubs.com\/wp-content\/uploads\/2022\/03\/0105-Fenster-Duschen-DE-2048x1536.jpg 2048w\" sizes=\"auto, (max-width: 767px) 89vw, (max-width: 1000px) 54vw, (max-width: 1071px) 543px, 580px\" \/><\/figure>\n<figcaption class=\"blocks-gallery-caption wp-element-caption\"><mark style=\"background-color:rgba(0, 0, 0, 0);color:#3b7ab4\" class=\"has-inline-color\">Situation de la construction en f\u00e9vrier 2022<\/mark><\/figcaption><\/figure>\n\n\n\n<figure class=\"wp-block-gallery has-nested-images columns-default is-cropped wp-block-gallery-3 is-layout-flex wp-block-gallery-is-layout-flex\">\n<figure class=\"wp-block-image size-large\"><img loading=\"lazy\" decoding=\"async\" width=\"768\" height=\"1024\" data-id=\"4709\" src=\"https:\/\/bijoududoubs.com\/wp-content\/uploads\/2022\/11\/0105-Entstehung-Bloc-Sanitaire-1-DE-768x1024.jpg\" alt=\"\" class=\"wp-image-4709\" srcset=\"https:\/\/bijoududoubs.com\/wp-content\/uploads\/2022\/11\/0105-Entstehung-Bloc-Sanitaire-1-DE-768x1024.jpg 768w, https:\/\/bijoududoubs.com\/wp-content\/uploads\/2022\/11\/0105-Entstehung-Bloc-Sanitaire-1-DE-225x300.jpg 225w, https:\/\/bijoududoubs.com\/wp-content\/uploads\/2022\/11\/0105-Entstehung-Bloc-Sanitaire-1-DE-1152x1536.jpg 1152w, https:\/\/bijoududoubs.com\/wp-content\/uploads\/2022\/11\/0105-Entstehung-Bloc-Sanitaire-1-DE-1536x2048.jpg 1536w, https:\/\/bijoududoubs.com\/wp-content\/uploads\/2022\/11\/0105-Entstehung-Bloc-Sanitaire-1-DE-scaled.jpg 1920w\" sizes=\"auto, (max-width: 767px) 89vw, (max-width: 1000px) 54vw, (max-width: 1071px) 543px, 580px\" \/><\/figure>\n\n\n\n<figure class=\"wp-block-image size-large\"><img loading=\"lazy\" decoding=\"async\" width=\"1024\" height=\"768\" data-id=\"4715\" src=\"https:\/\/bijoududoubs.com\/wp-content\/uploads\/2022\/11\/0105-Entstehung-Bloc-Sanitaire-2-DE-1024x768.jpg\" alt=\"\" class=\"wp-image-4715\" srcset=\"https:\/\/bijoududoubs.com\/wp-content\/uploads\/2022\/11\/0105-Entstehung-Bloc-Sanitaire-2-DE-1024x768.jpg 1024w, https:\/\/bijoududoubs.com\/wp-content\/uploads\/2022\/11\/0105-Entstehung-Bloc-Sanitaire-2-DE-300x225.jpg 300w, https:\/\/bijoududoubs.com\/wp-content\/uploads\/2022\/11\/0105-Entstehung-Bloc-Sanitaire-2-DE-768x576.jpg 768w, https:\/\/bijoududoubs.com\/wp-content\/uploads\/2022\/11\/0105-Entstehung-Bloc-Sanitaire-2-DE-1536x1152.jpg 1536w, https:\/\/bijoududoubs.com\/wp-content\/uploads\/2022\/11\/0105-Entstehung-Bloc-Sanitaire-2-DE-2048x1536.jpg 2048w\" sizes=\"auto, (max-width: 767px) 89vw, (max-width: 1000px) 54vw, (max-width: 1071px) 543px, 580px\" \/><\/figure>\n\n\n\n<figure class=\"wp-block-image size-large\"><img loading=\"lazy\" decoding=\"async\" width=\"768\" height=\"1024\" data-id=\"4720\" src=\"https:\/\/bijoududoubs.com\/wp-content\/uploads\/2022\/11\/0105-Entstehung-Bloc-Sanitaire-3-DE-768x1024.jpg\" alt=\"\" class=\"wp-image-4720\" srcset=\"https:\/\/bijoududoubs.com\/wp-content\/uploads\/2022\/11\/0105-Entstehung-Bloc-Sanitaire-3-DE-768x1024.jpg 768w, https:\/\/bijoududoubs.com\/wp-content\/uploads\/2022\/11\/0105-Entstehung-Bloc-Sanitaire-3-DE-225x300.jpg 225w, https:\/\/bijoududoubs.com\/wp-content\/uploads\/2022\/11\/0105-Entstehung-Bloc-Sanitaire-3-DE-1152x1536.jpg 1152w, https:\/\/bijoududoubs.com\/wp-content\/uploads\/2022\/11\/0105-Entstehung-Bloc-Sanitaire-3-DE-1536x2048.jpg 1536w, https:\/\/bijoududoubs.com\/wp-content\/uploads\/2022\/11\/0105-Entstehung-Bloc-Sanitaire-3-DE-scaled.jpg 1920w\" sizes=\"auto, (max-width: 767px) 89vw, (max-width: 1000px) 54vw, (max-width: 1071px) 543px, 580px\" \/><\/figure>\n<figcaption class=\"blocks-gallery-caption wp-element-caption\"><mark style=\"background-color:rgba(0, 0, 0, 0);color:#3b7ab4\" class=\"has-inline-color\">Situation de la construction en avril 2022<\/mark><\/figcaption><\/figure>\n\n\n\n<figure class=\"wp-block-gallery has-nested-images columns-default is-cropped wp-block-gallery-4 is-layout-flex wp-block-gallery-is-layout-flex\">\n<figure class=\"wp-block-image size-large\"><img loading=\"lazy\" decoding=\"async\" width=\"768\" height=\"1024\" data-id=\"4723\" src=\"https:\/\/bijoududoubs.com\/wp-content\/uploads\/2022\/11\/0105-Entstehung-Bloc-Sanitaire-4-DE-768x1024.jpg\" alt=\"\" class=\"wp-image-4723\" srcset=\"https:\/\/bijoududoubs.com\/wp-content\/uploads\/2022\/11\/0105-Entstehung-Bloc-Sanitaire-4-DE-768x1024.jpg 768w, https:\/\/bijoududoubs.com\/wp-content\/uploads\/2022\/11\/0105-Entstehung-Bloc-Sanitaire-4-DE-225x300.jpg 225w, https:\/\/bijoududoubs.com\/wp-content\/uploads\/2022\/11\/0105-Entstehung-Bloc-Sanitaire-4-DE-1152x1536.jpg 1152w, https:\/\/bijoududoubs.com\/wp-content\/uploads\/2022\/11\/0105-Entstehung-Bloc-Sanitaire-4-DE-1536x2048.jpg 1536w, https:\/\/bijoududoubs.com\/wp-content\/uploads\/2022\/11\/0105-Entstehung-Bloc-Sanitaire-4-DE-scaled.jpg 1920w\" sizes=\"auto, (max-width: 767px) 89vw, (max-width: 1000px) 54vw, (max-width: 1071px) 543px, 580px\" \/><\/figure>\n\n\n\n<figure class=\"wp-block-image size-large\"><img loading=\"lazy\" decoding=\"async\" width=\"768\" height=\"1024\" data-id=\"4726\" src=\"https:\/\/bijoududoubs.com\/wp-content\/uploads\/2022\/11\/0105-Entstehung-Bloc-Sanitaire-5-DE-768x1024.jpg\" alt=\"\" class=\"wp-image-4726\" srcset=\"https:\/\/bijoududoubs.com\/wp-content\/uploads\/2022\/11\/0105-Entstehung-Bloc-Sanitaire-5-DE-768x1024.jpg 768w, https:\/\/bijoududoubs.com\/wp-content\/uploads\/2022\/11\/0105-Entstehung-Bloc-Sanitaire-5-DE-225x300.jpg 225w, https:\/\/bijoududoubs.com\/wp-content\/uploads\/2022\/11\/0105-Entstehung-Bloc-Sanitaire-5-DE-1152x1536.jpg 1152w, https:\/\/bijoududoubs.com\/wp-content\/uploads\/2022\/11\/0105-Entstehung-Bloc-Sanitaire-5-DE-1536x2048.jpg 1536w, https:\/\/bijoududoubs.com\/wp-content\/uploads\/2022\/11\/0105-Entstehung-Bloc-Sanitaire-5-DE-scaled.jpg 1920w\" sizes=\"auto, (max-width: 767px) 89vw, (max-width: 1000px) 54vw, (max-width: 1071px) 543px, 580px\" \/><\/figure>\n\n\n\n<figure class=\"wp-block-image size-large\"><img loading=\"lazy\" decoding=\"async\" width=\"768\" height=\"1024\" data-id=\"4729\" src=\"https:\/\/bijoududoubs.com\/wp-content\/uploads\/2022\/11\/0105-Entstehung-Bloc-Sanitaire-6-DE-768x1024.jpg\" alt=\"\" class=\"wp-image-4729\" srcset=\"https:\/\/bijoududoubs.com\/wp-content\/uploads\/2022\/11\/0105-Entstehung-Bloc-Sanitaire-6-DE-768x1024.jpg 768w, https:\/\/bijoududoubs.com\/wp-content\/uploads\/2022\/11\/0105-Entstehung-Bloc-Sanitaire-6-DE-225x300.jpg 225w, https:\/\/bijoududoubs.com\/wp-content\/uploads\/2022\/11\/0105-Entstehung-Bloc-Sanitaire-6-DE-1152x1536.jpg 1152w, https:\/\/bijoududoubs.com\/wp-content\/uploads\/2022\/11\/0105-Entstehung-Bloc-Sanitaire-6-DE-1536x2048.jpg 1536w, https:\/\/bijoududoubs.com\/wp-content\/uploads\/2022\/11\/0105-Entstehung-Bloc-Sanitaire-6-DE-scaled.jpg 1920w\" sizes=\"auto, (max-width: 767px) 89vw, (max-width: 1000px) 54vw, (max-width: 1071px) 543px, 580px\" \/><\/figure>\n<figcaption class=\"blocks-gallery-caption wp-element-caption\"><mark style=\"background-color:rgba(0, 0, 0, 0);color:#3b7ab4\" class=\"has-inline-color\">Situation de la construction en mai 2022<\/mark><\/figcaption><\/figure>\n","protected":false},"excerpt":{"rendered":"<p>Nos sanitaires M\u00eame si les caravanes et les camping-cars d&#8217;aujourd&#8217;hui sont nettement mieux \u00e9quip\u00e9s que le l\u00e9gendaire bus VW \u00e0 l&#8217;\u00e9poque, les installations sanitaires sont et restent un sujet important pour chaque campeur. Apr\u00e8s la reprise du terrain au 1er avril 2021, nous avons d\u00e9cid\u00e9 de r\u00e9nover successivement les installations sanitaires. Apr\u00e8s un processus de &hellip; <\/p>\n<p class=\"link-more\"><a href=\"https:\/\/bijoududoubs.com\/?page_id=911&#038;lang=fr\" class=\"more-link\"><span class=\"screen-reader-text\">\u201eFR 0105 Camping &#8211; Nos Sanitaires\u201c <\/span>weiterlesen<\/a><\/p>\n","protected":false},"author":2,"featured_media":0,"parent":0,"menu_order":0,"comment_status":"closed","ping_status":"closed","template":"","meta":{"footnotes":""},"class_list":["post-911","page","type-page","status-publish","hentry"],"_links":{"self":[{"href":"https:\/\/bijoududoubs.com\/index.php?rest_route=\/wp\/v2\/pages\/911","targetHints":{"allow":["GET"]}}],"collection":[{"href":"https:\/\/bijoududoubs.com\/index.php?rest_route=\/wp\/v2\/pages"}],"about":[{"href":"https:\/\/bijoududoubs.com\/index.php?rest_route=\/wp\/v2\/types\/page"}],"author":[{"embeddable":true,"href":"https:\/\/bijoududoubs.com\/index.php?rest_route=\/wp\/v2\/users\/2"}],"replies":[{"embeddable":true,"href":"https:\/\/bijoududoubs.com\/index.php?rest_route=%2Fwp%2Fv2%2Fcomments&post=911"}],"version-history":[{"count":20,"href":"https:\/\/bijoududoubs.com\/index.php?rest_route=\/wp\/v2\/pages\/911\/revisions"}],"predecessor-version":[{"id":6106,"href":"https:\/\/bijoududoubs.com\/index.php?rest_route=\/wp\/v2\/pages\/911\/revisions\/6106"}],"wp:attachment":[{"href":"https:\/\/bijoududoubs.com\/index.php?rest_route=%2Fwp%2Fv2%2Fmedia&parent=911"}],"curies":[{"name":"wp","href":"https:\/\/api.w.org\/{rel}","templated":true}]}}