{"id":89,"date":"2021-11-14T16:44:34","date_gmt":"2021-11-14T15:44:34","guid":{"rendered":"https:\/\/bijoududoubs.com\/?page_id=89"},"modified":"2026-03-26T09:47:06","modified_gmt":"2026-03-26T08:47:06","slug":"camping-3","status":"publish","type":"page","link":"https:\/\/bijoududoubs.com\/?page_id=89&lang=fr","title":{"rendered":"FR 0100 &#8211; Camping"},"content":{"rendered":"\n<figure class=\"wp-block-image size-large\"><img loading=\"lazy\" decoding=\"async\" width=\"1024\" height=\"296\" src=\"https:\/\/bijoududoubs.com\/wp-content\/uploads\/2026\/03\/0100-Logo-mit-Oeffnungszeit-FR-1024x296.png\" alt=\"\" class=\"wp-image-7212\" srcset=\"https:\/\/bijoududoubs.com\/wp-content\/uploads\/2026\/03\/0100-Logo-mit-Oeffnungszeit-FR-1024x296.png 1024w, https:\/\/bijoududoubs.com\/wp-content\/uploads\/2026\/03\/0100-Logo-mit-Oeffnungszeit-FR-300x87.png 300w, https:\/\/bijoududoubs.com\/wp-content\/uploads\/2026\/03\/0100-Logo-mit-Oeffnungszeit-FR-768x222.png 768w, https:\/\/bijoududoubs.com\/wp-content\/uploads\/2026\/03\/0100-Logo-mit-Oeffnungszeit-FR-1536x443.png 1536w, https:\/\/bijoududoubs.com\/wp-content\/uploads\/2026\/03\/0100-Logo-mit-Oeffnungszeit-FR-2048x591.png 2048w\" sizes=\"auto, (max-width: 767px) 89vw, (max-width: 1000px) 54vw, (max-width: 1071px) 543px, 580px\" \/><\/figure>\n\n\n\n<div class=\"wp-block-buttons is-content-justification-center is-layout-flex wp-container-core-buttons-is-layout-16018d1d wp-block-buttons-is-layout-flex\">\n<div class=\"wp-block-button has-custom-width wp-block-button__width-100\"><a class=\"wp-block-button__link has-vivid-red-color has-text-color has-background has-medium-font-size has-custom-font-size wp-element-button\" href=\"https:\/\/www.sydevnet3.com\/Bijoududoubs\/FR\/reservation.php\" style=\"background-color:#3b7ab4\" target=\"_blank\" rel=\"noreferrer noopener\">Pour r\u00e9server &gt;&gt;<\/a><\/div>\n<\/div>\n\n\n\n<h2 class=\"wp-block-heading\" id=\"bijou-du-doubs-le-joyau-de-camping-au-bord-du-doubs\" style=\"font-size:34px;line-height:1.2\"><mark style=\"background-color:rgba(0, 0, 0, 0);color:#7c9a64\" class=\"has-inline-color\"><strong>Bijou du Doubs <\/strong>\u2013<br><strong>le joyau de camping au bord du Doubs<\/strong><\/mark><\/h2>\n\n\n\n<div class=\"wp-block-columns are-vertically-aligned-center is-layout-flex wp-container-core-columns-is-layout-9d6595d7 wp-block-columns-is-layout-flex\">\n<div class=\"wp-block-column is-vertically-aligned-center is-layout-flow wp-block-column-is-layout-flow\">\n<p style=\"line-height:1.4\"><mark style=\"background-color:rgba(0, 0, 0, 0);color:#3b7ab4\" class=\"has-inline-color\">Notre camping <strong>3 \u00e9toiles<\/strong> <strong>Bijou du Doubs<\/strong> se trouve \u00e0 Lays-sur-le-Doubs en <strong>Bresse Bourguignonne<\/strong>, un des plus beaux parages de la r\u00e9gion Bourgogne Franche-Comt\u00e9, au c\u0153ur<\/mark> <mark style=\"background-color:rgba(0, 0, 0, 0);color:#3b7ab4\" class=\"has-inline-color\">d&#8217;une r\u00e9serve naturelle (<\/mark><a href=\"https:\/\/www.eptb-saone-doubs.fr\/actions\/natura-2000\/basse-vallee-doubs-71\/\" target=\"_blank\" rel=\"noreferrer noopener\"><strong><mark style=\"background-color:rgba(0, 0, 0, 0);color:#3b7ab4\" class=\"has-inline-color\">Zone Natura 2000<\/mark><\/strong><\/a><mark style=\"background-color:rgba(0, 0, 0, 0);color:#3b7ab4\" class=\"has-inline-color\">).<\/mark><br><br><mark style=\"background-color:rgba(0, 0, 0, 0);color:#3b7ab4\" class=\"has-inline-color\">Il est situ\u00e9 sur 2,1ha dans un <strong>endroit de r\u00eave directement au bord de la rivi\u00e8re Doubs<\/strong> avec un total de 67 emplacements, dont 55 emplacements spacieux<\/mark> <mark style=\"background-color:rgba(0, 0, 0, 0);color:#3b7ab4\" class=\"has-inline-color\">et majoritairement ombrag\u00e9s pour tentes, caravanes et camping-cars, ainsi que huit locatifs.<\/mark><\/p>\n<\/div>\n\n\n\n<div class=\"wp-block-column is-vertically-aligned-center is-layout-flow wp-block-column-is-layout-flow\">\n<figure class=\"wp-block-image size-full\"><img loading=\"lazy\" decoding=\"async\" width=\"3300\" height=\"2475\" src=\"https:\/\/bijoududoubs.com\/wp-content\/uploads\/2024\/03\/0100-Luftbild-August-2023-mit-Logo-1.png\" alt=\"\" class=\"wp-image-6212\" srcset=\"https:\/\/bijoududoubs.com\/wp-content\/uploads\/2024\/03\/0100-Luftbild-August-2023-mit-Logo-1.png 3300w, https:\/\/bijoududoubs.com\/wp-content\/uploads\/2024\/03\/0100-Luftbild-August-2023-mit-Logo-1-300x225.png 300w, https:\/\/bijoududoubs.com\/wp-content\/uploads\/2024\/03\/0100-Luftbild-August-2023-mit-Logo-1-1024x768.png 1024w, https:\/\/bijoududoubs.com\/wp-content\/uploads\/2024\/03\/0100-Luftbild-August-2023-mit-Logo-1-768x576.png 768w, https:\/\/bijoududoubs.com\/wp-content\/uploads\/2024\/03\/0100-Luftbild-August-2023-mit-Logo-1-1536x1152.png 1536w, https:\/\/bijoududoubs.com\/wp-content\/uploads\/2024\/03\/0100-Luftbild-August-2023-mit-Logo-1-2048x1536.png 2048w\" sizes=\"auto, (max-width: 767px) 89vw, (max-width: 1000px) 54vw, (max-width: 1071px) 543px, 580px\" \/><figcaption class=\"wp-element-caption\"><mark style=\"background-color:rgba(0, 0, 0, 0);color:#3b7ab4\" class=\"has-inline-color\">Vue a\u00e9rienne \u00e9t\u00e9 202<\/mark>3<\/figcaption><\/figure>\n<\/div>\n<\/div>\n\n\n\n<p><mark style=\"background-color:rgba(0, 0, 0, 0);color:#3b7ab4\" class=\"has-inline-color\">Notre terrain est ouvert de mi-avril \u00e0 fin septembre (<\/mark><strong><a href=\"https:\/\/bijoududoubs.com\/?page_id=381&amp;lang=fr\"><mark style=\"background-color:rgba(0, 0, 0, 0);color:#3b7ab4\" class=\"has-inline-color\">horaires d&#8217;ouverture<\/mark><\/a><\/strong><mark style=\"background-color:rgba(0, 0, 0, 0);color:#3b7ab4\" class=\"has-inline-color\">) \u2013 un paradis notamment pour les <\/mark><strong><a href=\"https:\/\/bijoududoubs.com\/?page_id=1836&amp;lang=fr\"><mark style=\"background-color:rgba(0, 0, 0, 0);color:#3b7ab4\" class=\"has-inline-color\">p\u00eacheurs<\/mark><\/a><\/strong><mark style=\"background-color:rgba(0, 0, 0, 0);color:#3b7ab4\" class=\"has-inline-color\"> <\/mark><mark style=\"background-color:rgba(0, 0, 0, 0);color:#3b7ab4\" class=\"has-inline-color\">et les <\/mark><strong><a href=\"https:\/\/bijoududoubs.com\/?page_id=1753&amp;lang=fr\"><mark style=\"background-color:rgba(0, 0, 0, 0);color:#3b7ab4\" class=\"has-inline-color\">ornithologues<\/mark><\/a><\/strong><mark style=\"background-color:rgba(0, 0, 0, 0);color:#3b7ab4\" class=\"has-inline-color\">, mais aussi pour <strong>les familles<\/strong> et tous ceux qui recherchent <strong>le calme et le repos<\/strong>.<\/mark><\/p>\n\n\n\n<div class=\"wp-block-columns is-layout-flex wp-container-core-columns-is-layout-9d6595d7 wp-block-columns-is-layout-flex\">\n<div class=\"wp-block-column is-layout-flow wp-block-column-is-layout-flow\">\n<figure class=\"wp-block-image size-large\"><img loading=\"lazy\" decoding=\"async\" width=\"1024\" height=\"576\" src=\"https:\/\/bijoududoubs.com\/wp-content\/uploads\/2026\/03\/0100-Photovoltaik-Dach-1024x576.jpg\" alt=\"\" class=\"wp-image-7154\" srcset=\"https:\/\/bijoududoubs.com\/wp-content\/uploads\/2026\/03\/0100-Photovoltaik-Dach-1024x576.jpg 1024w, https:\/\/bijoududoubs.com\/wp-content\/uploads\/2026\/03\/0100-Photovoltaik-Dach-300x169.jpg 300w, https:\/\/bijoududoubs.com\/wp-content\/uploads\/2026\/03\/0100-Photovoltaik-Dach-768x432.jpg 768w, https:\/\/bijoududoubs.com\/wp-content\/uploads\/2026\/03\/0100-Photovoltaik-Dach-1536x864.jpg 1536w, https:\/\/bijoududoubs.com\/wp-content\/uploads\/2026\/03\/0100-Photovoltaik-Dach-2048x1152.jpg 2048w\" sizes=\"auto, (max-width: 767px) 89vw, (max-width: 1000px) 54vw, (max-width: 1071px) 543px, 580px\" \/><\/figure>\n<\/div>\n\n\n\n<div class=\"wp-block-column is-layout-flow wp-block-column-is-layout-flow\">\n<p><mark style=\"background-color:rgba(0, 0, 0, 0);color:#3b7ab4\" class=\"has-inline-color\">Un nouveau <\/mark><strong><a href=\"https:\/\/bijoududoubs.com\/?page_id=911&amp;lang=fr\"><mark style=\"background-color:rgba(0, 0, 0, 0);color:#3b7ab4\" class=\"has-inline-color\">b\u00e2timent sanitaire<\/mark><\/a><\/strong><mark style=\"background-color:rgba(0, 0, 0, 0);color:#3b7ab4\" class=\"has-inline-color\"> et un local sanitaire accessible aux PMR ont \u00e9t\u00e9 mis en service pour la saison 2022.<\/mark><br><mark style=\"background-color:rgba(0, 0, 0, 0);color:#3b7ab4\" class=\"has-inline-color\">Et pour la saison 2026, une <strong>installation photovolta\u00efque<\/strong> de 18 kW avec un accumulateur de 32 kWh a \u00e9t\u00e9 mise en place afin de r\u00e9duire notre empreinte carbone. Cela nous permettait \u00e9galement de maintenir <mark style=\"background-color:rgba(0, 0, 0, 0);color:#3b7ab4\" class=\"has-inline-color\">stable<\/mark><\/mark> <mark style=\"background-color:rgba(0, 0, 0, 0);color:#3b7ab4\" class=\"has-inline-color\">le prix de l&#8217;\u00e9lectricit\u00e9 pour nos clients aussi cette ann\u00e9e.<\/mark><\/p>\n<\/div>\n<\/div>\n\n\n\n<p><mark style=\"background-color:rgba(0, 0, 0, 0);color:#3b7ab4\" class=\"has-inline-color\">La localisation de notre site est <strong>particuli\u00e8rement int\u00e9ressante <\/strong>pour tous ceux qui souhaitent passer leurs vacances au bord de la <strong>M\u00e9diterran\u00e9e <\/strong>ou de <strong>l&#8217;Atlantique<\/strong> : Entre Dole et Chalon-sur-Sa\u00f4ne, \u00e0 environ 19 km de l&#8217;autoroute A36 (vous trouverez <\/mark><strong><a href=\"https:\/\/bijoududoubs.com\/?page_id=872&amp;lang=fr\"><mark style=\"background-color:rgba(0, 0, 0, 0);color:#3b7ab4\" class=\"has-inline-color\">ici<\/mark><\/a><\/strong><mark style=\"background-color:rgba(0, 0, 0, 0);color:#3b7ab4\" class=\"has-inline-color\"> <\/mark><mark style=\"background-color:rgba(0, 0, 0, 0);color:#3b7ab4\" class=\"has-inline-color\">les distances du camping jusqu&#8217;\u00e0 la mer et quelques villes europ\u00e9ennes). Notre &#8222;joyau&#8220; est donc l&#8217;endroit parfait pour une escale d&#8217;une nuit sur le chemin de la mer. Mais attention, une fois que vous \u00eates ici, vous pouvez rapidement passer deux ou trois nuits \u2026<\/mark><\/p>\n\n\n\n<div class=\"wp-block-columns are-vertically-aligned-center is-layout-flex wp-container-core-columns-is-layout-9d6595d7 wp-block-columns-is-layout-flex\">\n<div class=\"wp-block-column is-vertically-aligned-center is-layout-flow wp-block-column-is-layout-flow\">\n<figure class=\"wp-block-image size-large\"><img loading=\"lazy\" decoding=\"async\" width=\"1024\" height=\"768\" src=\"https:\/\/bijoududoubs.com\/wp-content\/uploads\/2023\/05\/0104-Stellplaetze-11-26-1024x768.jpg\" alt=\"\" class=\"wp-image-5592\" srcset=\"https:\/\/bijoududoubs.com\/wp-content\/uploads\/2023\/05\/0104-Stellplaetze-11-26-1024x768.jpg 1024w, https:\/\/bijoududoubs.com\/wp-content\/uploads\/2023\/05\/0104-Stellplaetze-11-26-300x225.jpg 300w, https:\/\/bijoududoubs.com\/wp-content\/uploads\/2023\/05\/0104-Stellplaetze-11-26-768x576.jpg 768w, https:\/\/bijoududoubs.com\/wp-content\/uploads\/2023\/05\/0104-Stellplaetze-11-26-1536x1152.jpg 1536w, https:\/\/bijoududoubs.com\/wp-content\/uploads\/2023\/05\/0104-Stellplaetze-11-26-2048x1536.jpg 2048w\" sizes=\"auto, (max-width: 767px) 89vw, (max-width: 1000px) 54vw, (max-width: 1071px) 543px, 580px\" \/><\/figure>\n<\/div>\n\n\n\n<div class=\"wp-block-column is-vertically-aligned-center is-layout-flow wp-block-column-is-layout-flow\">\n<p style=\"line-height:1.4\"><mark style=\"background-color:rgba(0, 0, 0, 0);color:#3b7ab4\" class=\"has-inline-color\">Notre site vous propose <strong>55 <\/strong><\/mark><strong><a href=\"https:\/\/bijoududoubs.com\/?page_id=886&amp;lang=fr\"><mark style=\"background-color:rgba(0, 0, 0, 0);color:#3b7ab4\" class=\"has-inline-color\">emplacements<\/mark><\/a><\/strong><mark style=\"background-color:rgba(0, 0, 0, 0);color:#3b7ab4\" class=\"has-inline-color\"><strong>, <mark style=\"background-color:rgba(0, 0, 0, 0);color:#3b7ab4\" class=\"has-inline-color\">majoritairement <\/mark>ombrag\u00e9s, d&#8217;environ 80-140m<sup>2<\/sup><\/strong> pour caravanes, camping-cars et tentes. Vous trouverez des photos des emplacements <strong><a href=\"https:\/\/bijoududoubs.com\/?page_id=572&amp;lang=fr\"><mark style=\"background-color:rgba(0, 0, 0, 0);color:#3b7ab4\" class=\"has-inline-color\">ici<\/mark><\/a><\/strong>.<\/mark><br><br><mark style=\"background-color:rgba(0, 0, 0, 0);color:#3b7ab4\" class=\"has-inline-color\">De plus, des h\u00e9bergements locatifs \u2013 six <\/mark><strong><a href=\"https:\/\/bijoududoubs.com\/?page_id=572&amp;lang=fr\"><mark style=\"background-color:rgba(0, 0, 0, 0);color:#3b7ab4\" class=\"has-inline-color\">mobil-homes<\/mark><\/a><\/strong><mark style=\"background-color:rgba(0, 0, 0, 0);color:#3b7ab4\" class=\"has-inline-color\"> <\/mark><mark style=\"background-color:rgba(0, 0, 0, 0);color:#3b7ab4\" class=\"has-inline-color\">et deux <\/mark><strong><a href=\"https:\/\/bijoududoubs.com\/?page_id=663&amp;lang=fr\"><mark style=\"background-color:rgba(0, 0, 0, 0);color:#3b7ab4\" class=\"has-inline-color\">chalets en bois<\/mark><\/a><\/strong><mark style=\"background-color:rgba(0, 0, 0, 0);color:#3b7ab4\" class=\"has-inline-color\"><mark style=\"background-color:rgba(0, 0, 0, 0);color:#3b7ab4\" class=\"has-inline-color\">\u2013<\/mark> sont \u00e0 votre disposition pour vos vacances.<\/mark><br><br><mark style=\"background-color:rgba(0, 0, 0, 0);color:#3b7ab4\" class=\"has-inline-color\">Vous trouverez <\/mark><strong><a href=\"https:\/\/bijoududoubs.com\/?page_id=538&amp;lang=fr\"><mark style=\"background-color:rgba(0, 0, 0, 0);color:#3b7ab4\" class=\"has-inline-color\">ici<\/mark><\/a><\/strong><mark style=\"background-color:rgba(0, 0, 0, 0);color:#3b7ab4\" class=\"has-inline-color\"> <\/mark><mark style=\"background-color:rgba(0, 0, 0, 0);color:#3b7ab4\" class=\"has-inline-color\">nos tarifs pour la haute et la basse saison.<\/mark><\/p>\n<\/div>\n<\/div>\n\n\n\n<p style=\"line-height:1.4\"><mark style=\"background-color:rgba(0, 0, 0, 0);color:#3b7ab4\" class=\"has-inline-color\"><strong>Les chiens sont les bienvenus<\/strong> sur notre terrain et dans les h\u00e9bergements locatifs. Par respect pour les autres campeurs, veuillez toujours tenir votre chien en laisse en dehors de votre emplacement.<\/mark><\/p>\n\n\n\n<div class=\"wp-block-media-text alignwide is-stacked-on-mobile\"><figure class=\"wp-block-media-text__media\"><img loading=\"lazy\" decoding=\"async\" width=\"1024\" height=\"576\" src=\"https:\/\/bijoududoubs.com\/wp-content\/uploads\/2024\/07\/0100-Pool-1024x576.jpg\" alt=\"\" class=\"wp-image-6292 size-full\" srcset=\"https:\/\/bijoududoubs.com\/wp-content\/uploads\/2024\/07\/0100-Pool-1024x576.jpg 1024w, https:\/\/bijoududoubs.com\/wp-content\/uploads\/2024\/07\/0100-Pool-300x169.jpg 300w, https:\/\/bijoududoubs.com\/wp-content\/uploads\/2024\/07\/0100-Pool-768x432.jpg 768w, https:\/\/bijoududoubs.com\/wp-content\/uploads\/2024\/07\/0100-Pool-1536x864.jpg 1536w, https:\/\/bijoududoubs.com\/wp-content\/uploads\/2024\/07\/0100-Pool-2048x1152.jpg 2048w\" sizes=\"auto, (max-width: 767px) 89vw, (max-width: 1000px) 54vw, (max-width: 1071px) 543px, 580px\" \/><\/figure><div class=\"wp-block-media-text__content\">\n<p style=\"line-height:1.4\"><mark style=\"background-color:rgba(0, 0, 0, 0);color:#3b7ab4\" class=\"has-inline-color\">Sur le camping, vous trouverez \u00e9galement <strong>une piscine de 6x13m<\/strong>, dont l&#8217;entr\u00e9e est bien s\u00fbr gratuite :<\/mark><\/p>\n\n\n\n<p style=\"line-height:1.4\"><mark style=\"background-color:rgba(0, 0, 0, 0);color:#3b7ab4\" class=\"has-inline-color\">\u25cf<\/mark> <mark style=\"background-color:rgba(0, 0, 0, 0);color:#3b7ab4\" class=\"has-inline-color\">pour les grands, pour se d\u00e9tendre<\/mark><br><mark style=\"background-color:rgba(0, 0, 0, 0);color:#3b7ab4\" class=\"has-inline-color\">\u25cf<\/mark> <mark style=\"background-color:rgba(0, 0, 0, 0);color:#3b7ab4\" class=\"has-inline-color\">pour les enfants pour se d\u00e9fouler apr\u00e8s un long et ennuyeux trajet en voiture<\/mark><br><mark style=\"background-color:rgba(0, 0, 0, 0);color:#3b7ab4\" class=\"has-inline-color\">\u25cf<\/mark> <mark style=\"background-color:rgba(0, 0, 0, 0);color:#3b7ab4\" class=\"has-inline-color\">pour tous pour se rafra\u00eechir lors des chaudes journ\u00e9es d&#8217;\u00e9t\u00e9<\/mark> <\/p>\n\n\n\n<p class=\"has-text-color\" style=\"color:#3b7ab4\">Pour la saison 2022, le liner de la piscine a \u00e9t\u00e9 renouvel\u00e9 pour encore plus de plaisir de baignade.<\/p>\n<\/div><\/div>\n\n\n\n<p class=\"has-text-color\" style=\"color:#3b7ab4;line-height:1.4\">Vous avez besoin d&#8217;autres arguments pour passer vos vacances chez nous ?<br><br>L&#8217;un d&#8217;entre eux pourrait \u00eatre notre <strong><a href=\"https:\/\/bijoududoubs.com\/?page_id=389&amp;lang=fr\"><mark style=\"background-color:rgba(0, 0, 0, 0);color:#3b7ab4\" class=\"has-inline-color\">restaurant<\/mark><\/a><\/strong><mark style=\"background-color:rgba(0, 0, 0, 0);color:#3b7ab4\" class=\"has-inline-color\"><\/mark>, dans lequel le chef est personnellement aux fourneaux et pr\u00e9pare bien plus que des plats classiques d&#8217;un camping. Vous trouverez des stimulants d&#8217;app\u00e9tit <strong><a href=\"https:\/\/bijoududoubs.com\/?page_id=6955&amp;lang=fr\"><mark style=\"background-color:rgba(0, 0, 0, 0);color:#3b7ab4\" class=\"has-inline-color\">ici<\/mark><\/a><\/strong>.<br><br>Ou vous voulez passer des vacances actives ? Nous avons rassembl\u00e9 pour vous quelques activit\u00e9s <strong><a href=\"https:\/\/bijoududoubs.com\/?page_id=612&amp;lang=fr\"><mark style=\"background-color:rgba(0, 0, 0, 0);color:#3b7ab4\" class=\"has-inline-color\">sur le terrain<\/mark><\/a><\/strong><mark style=\"background-color:rgba(0, 0, 0, 0);color:#3b7ab4\" class=\"has-inline-color\"><\/mark> et <strong><a href=\"https:\/\/bijoududoubs.com\/?page_id=639&amp;lang=fr\"><mark style=\"background-color:rgba(0, 0, 0, 0);color:#3b7ab4\" class=\"has-inline-color\">dans les alentours <\/mark><\/a><\/strong><mark style=\"background-color:rgba(0, 0, 0, 0);color:#3b7ab4\" class=\"has-inline-color\"><\/mark>. <br><br>Notre <strong><a href=\"https:\/\/bijoududoubs.com\/?page_id=242&amp;lang=fr\"><mark style=\"background-color:rgba(0, 0, 0, 0);color:#3b7ab4\" class=\"has-inline-color\">galerie<\/mark><\/a><\/strong><mark style=\"background-color:rgba(0, 0, 0, 0);color:#3b7ab4\" class=\"has-inline-color\"><\/mark> peut vous donner d&#8217;autres arguments, avec de nombreuses impressions de notre magnifique camping <strong>Bijou du Doubs<\/strong>.<\/p>\n\n\n\n<div class=\"wp-block-columns is-layout-flex wp-container-core-columns-is-layout-9d6595d7 wp-block-columns-is-layout-flex\">\n<div class=\"wp-block-column is-layout-flow wp-block-column-is-layout-flow\"><\/div>\n<\/div>\n\n\n\n<p><\/p>\n","protected":false},"excerpt":{"rendered":"<p>Bijou du Doubs \u2013le joyau de camping au bord du Doubs Notre camping 3 \u00e9toiles Bijou du Doubs se trouve \u00e0 Lays-sur-le-Doubs en Bresse Bourguignonne, un des plus beaux parages de la r\u00e9gion Bourgogne Franche-Comt\u00e9, au c\u0153ur d&#8217;une r\u00e9serve naturelle (Zone Natura 2000). Il est situ\u00e9 sur 2,1ha dans un endroit de r\u00eave directement au &hellip; <\/p>\n<p class=\"link-more\"><a href=\"https:\/\/bijoududoubs.com\/?page_id=89&#038;lang=fr\" class=\"more-link\"><span class=\"screen-reader-text\">\u201eFR 0100 &#8211; Camping\u201c <\/span>weiterlesen<\/a><\/p>\n","protected":false},"author":2,"featured_media":0,"parent":0,"menu_order":0,"comment_status":"closed","ping_status":"closed","template":"","meta":{"footnotes":""},"class_list":["post-89","page","type-page","status-publish","hentry"],"_links":{"self":[{"href":"https:\/\/bijoududoubs.com\/index.php?rest_route=\/wp\/v2\/pages\/89","targetHints":{"allow":["GET"]}}],"collection":[{"href":"https:\/\/bijoududoubs.com\/index.php?rest_route=\/wp\/v2\/pages"}],"about":[{"href":"https:\/\/bijoududoubs.com\/index.php?rest_route=\/wp\/v2\/types\/page"}],"author":[{"embeddable":true,"href":"https:\/\/bijoududoubs.com\/index.php?rest_route=\/wp\/v2\/users\/2"}],"replies":[{"embeddable":true,"href":"https:\/\/bijoududoubs.com\/index.php?rest_route=%2Fwp%2Fv2%2Fcomments&post=89"}],"version-history":[{"count":87,"href":"https:\/\/bijoududoubs.com\/index.php?rest_route=\/wp\/v2\/pages\/89\/revisions"}],"predecessor-version":[{"id":7217,"href":"https:\/\/bijoududoubs.com\/index.php?rest_route=\/wp\/v2\/pages\/89\/revisions\/7217"}],"wp:attachment":[{"href":"https:\/\/bijoududoubs.com\/index.php?rest_route=%2Fwp%2Fv2%2Fmedia&parent=89"}],"curies":[{"name":"wp","href":"https:\/\/api.w.org\/{rel}","templated":true}]}}