{"id":639,"date":"2021-12-07T17:47:52","date_gmt":"2021-12-07T16:47:52","guid":{"rendered":"https:\/\/bijoududoubs.com\/?page_id=639"},"modified":"2025-03-10T08:11:17","modified_gmt":"2025-03-10T07:11:17","slug":"fr-alentours","status":"publish","type":"page","link":"https:\/\/bijoududoubs.com\/?page_id=639&lang=fr","title":{"rendered":"FR 0302 Activit\u00e9s &#8211; Les alentours"},"content":{"rendered":"\n<h2 class=\"wp-block-heading\" style=\"font-size:34px\"><strong><span style=\"color:#7c9a64\" class=\"has-inline-color\">Destinations dans les alentours<\/span><\/strong><\/h2>\n\n\n\n<p><mark style=\"background-color:rgba(0, 0, 0, 0);color:#3b7ab4\" class=\"has-inline-color\">Nous vous proposons ci-dessous une petite s\u00e9lection de destinations dans les alentours qui valent la peine d&#8217;\u00eatre visit\u00e9es \u2013 mais nous ne voulons en aucun cas freiner votre envie de d\u00e9couverte!<\/mark> <mark style=\"background-color:rgba(0, 0, 0, 0);color:#3b7ab4\" class=\"has-inline-color\">Vous trouverez de plus amples informations en cliquant sur les liens indiqu\u00e9s.<\/mark><br><mark style=\"background-color:rgba(0, 0, 0, 0);color:#3b7ab4\" class=\"has-inline-color\">[Nous n&#8217;avons pas mentionn\u00e9 ici les fiefs touristiques: Beaune et Dijon.]<\/mark><\/p>\n\n\n\n<p><mark style=\"background-color:rgba(0, 0, 0, 0);color:#3b7ab4\" class=\"has-inline-color\">Sur ce <\/mark><a rel=\"noreferrer noopener\" href=\"https:\/\/www.destination-saone-et-loire.fr\/fr\" target=\"_blank\"><strong><mark style=\"background-color:rgba(0, 0, 0, 0);color:#3b7ab4\" class=\"has-inline-color\">site web<\/mark><\/strong><\/a><mark style=\"background-color:rgba(0, 0, 0, 0);color:#3b7ab4\" class=\"has-inline-color\"> vous trouverez plus d&#8217;informations sur la Bresse Bourguignonne (<\/mark><strong><a rel=\"noreferrer noopener\" href=\"https:\/\/www.bresse-bourguignonne.com\/\" target=\"_blank\"><mark style=\"background-color:rgba(0, 0, 0, 0);color:#3b7ab4\" class=\"has-inline-color\">office du tourisme<\/mark><\/a><\/strong><mark style=\"background-color:rgba(0, 0, 0, 0);color:#3b7ab4\" class=\"has-inline-color\">), une des plus beaux parages de la Bourgogne du Sud. Diff\u00e9rentes destinations qui valent la peine d&#8217;\u00eatre visit\u00e9es en Bresse Bourguignonne sont \u00e9galement disponibles <\/mark><strong><a rel=\"noreferrer noopener\" href=\"https:\/\/www.destination-saone-et-loire.fr\/fr\" target=\"_blank\"><mark style=\"background-color:rgba(0, 0, 0, 0);color:#3b7ab4\" class=\"has-inline-color\">ici<\/mark><\/a><\/strong><mark style=\"background-color:rgba(0, 0, 0, 0);color:#3b7ab4\" class=\"has-inline-color\">. Les autres r\u00e9gions du sud de la Bourgogne vous pouvez d\u00e9couvrir <\/mark><strong><a rel=\"noreferrer noopener\" href=\"https:\/\/www.destination-saone-et-loire.fr\/fr\/nos-experiences\/toutes-les-experiences.html\" target=\"_blank\"><mark style=\"background-color:rgba(0, 0, 0, 0);color:#3b7ab4\" class=\"has-inline-color\">ici<\/mark><\/a><\/strong><mark style=\"background-color:rgba(0, 0, 0, 0);color:#3b7ab4\" class=\"has-inline-color\">.<\/mark><br><br><\/p>\n\n\n\n<div class=\"wp-block-columns is-layout-flex wp-container-core-columns-is-layout-9d6595d7 wp-block-columns-is-layout-flex\">\n<div class=\"wp-block-column is-layout-flow wp-block-column-is-layout-flow\" style=\"flex-basis:100%\">\n<div class=\"wp-block-columns is-layout-flex wp-container-core-columns-is-layout-9d6595d7 wp-block-columns-is-layout-flex\">\n<div class=\"wp-block-column is-layout-flow wp-block-column-is-layout-flow\">\n<h3 class=\"wp-block-heading\" style=\"font-size:24px\"><strong><span style=\"color:#7c9a64\" class=\"has-inline-color\">Pierre de Bresse<\/span><\/strong><\/h3>\n\n\n\n<p style=\"line-height:1.4\"><mark style=\"background-color:rgba(0, 0, 0, 0);color:#3b7ab4\" class=\"has-inline-color\">Distance:<br>6 km, env. 7min<br><\/mark><br><mark style=\"background-color:rgba(0, 0, 0, 0);color:#3b7ab4\" class=\"has-inline-color\">Links:<br><\/mark><a href=\"http:\/\/www.ecomusee-bresse71.fr\/decouvrir\/le-chateau-de-pierre-de-bresse\/\" target=\"_blank\" rel=\"noreferrer noopener\"><mark style=\"background-color:rgba(0, 0, 0, 0);color:#3b7ab4\" class=\"has-inline-color\">Ch\u00e2teau de Pierre de Bresse (FR<\/mark><\/a><a rel=\"noreferrer noopener\" href=\"http:\/\/www.ecomusee-bresse71.fr\/decouvrir\/le-chateau-de-pierre-de-bresse\/\" target=\"_blank\"><mark style=\"background-color:rgba(0, 0, 0, 0);color:#3b7ab4\" class=\"has-inline-color\">)<\/mark><\/a><mark style=\"background-color:rgba(0, 0, 0, 0);color:#3b7ab4\" class=\"has-inline-color\"><br><\/mark><a href=\"http:\/\/www.ecomusee-bresse71.fr\/decouvrir\/lecomusee-de-la-bresse\/\" target=\"_blank\" rel=\"noreferrer noopener\"><mark style=\"background-color:rgba(0, 0, 0, 0);color:#3b7ab4\" class=\"has-inline-color\">Ecomus\u00e9e de Pierre de Bresse (FR)<\/mark><\/a><br><a rel=\"noreferrer noopener\" href=\"http:\/\/www.ecomusee-bresse71.fr\/decouvrir\/le-reseau\/\" target=\"_blank\"><mark style=\"background-color:rgba(0, 0, 0, 0);color:#3b7ab4\" class=\"has-inline-color\">Le r\u00e9seau des 13 Ecomus\u00e9e de la Bresse Bourguignonne (FR)<\/mark><\/a><\/p>\n<\/div>\n\n\n\n<div class=\"wp-block-column is-layout-flow wp-block-column-is-layout-flow\">\n<figure class=\"wp-block-image size-full\"><img loading=\"lazy\" decoding=\"async\" width=\"345\" height=\"230\" src=\"https:\/\/bijoududoubs.com\/wp-content\/uploads\/2022\/01\/0302-Pierre-de-Bresse.png\" alt=\"\" class=\"wp-image-2780\" srcset=\"https:\/\/bijoududoubs.com\/wp-content\/uploads\/2022\/01\/0302-Pierre-de-Bresse.png 345w, https:\/\/bijoududoubs.com\/wp-content\/uploads\/2022\/01\/0302-Pierre-de-Bresse-300x200.png 300w\" sizes=\"auto, (max-width: 345px) 100vw, 345px\" \/><figcaption class=\"wp-element-caption\"><mark style=\"background-color:rgba(0, 0, 0, 0);color:#3b7ab4\" class=\"has-inline-color\">Ch\u00e2teau \u00e0 Pierre de Bresse<\/mark><\/figcaption><\/figure>\n<\/div>\n<\/div>\n<\/div>\n<\/div>\n\n\n\n<div class=\"wp-block-columns is-layout-flex wp-container-core-columns-is-layout-9d6595d7 wp-block-columns-is-layout-flex\">\n<div class=\"wp-block-column is-layout-flow wp-block-column-is-layout-flow\" style=\"flex-basis:100%\">\n<div class=\"wp-block-columns is-layout-flex wp-container-core-columns-is-layout-9d6595d7 wp-block-columns-is-layout-flex\">\n<div class=\"wp-block-column is-layout-flow wp-block-column-is-layout-flow\">\n<h3 class=\"wp-block-heading\" style=\"font-size:24px\"><strong><span style=\"color:#7c9a64\" class=\"has-inline-color\">Dole<\/span><\/strong><\/h3>\n\n\n\n<p><mark style=\"background-color:rgba(0, 0, 0, 0);color:#3b7ab4\" class=\"has-inline-color\">Distance:<br>31 km, env. 33min<br><\/mark><br><mark style=\"background-color:rgba(0, 0, 0, 0);color:#3b7ab4\" class=\"has-inline-color\">Liens:<br><\/mark><a rel=\"noreferrer noopener\" href=\"https:\/\/www.doletourisme.fr\/\" target=\"_blank\"><mark style=\"background-color:rgba(0, 0, 0, 0);color:#3b7ab4\" class=\"has-inline-color\">Dole Tourisme (FR)<\/mark><\/a><mark style=\"background-color:rgba(0, 0, 0, 0);color:#3b7ab4\" class=\"has-inline-color\"><br><\/mark><a rel=\"noreferrer noopener\" href=\"https:\/\/fr.wikipedia.org\/wiki\/Dole_(Jura)\" target=\"_blank\"><mark style=\"background-color:rgba(0, 0, 0, 0);color:#3b7ab4\" class=\"has-inline-color\">Dole Wikipedia (<\/mark><\/a><a rel=\"noreferrer noopener\" href=\"https:\/\/fr.wikipedia.org\/wiki\/Dole_(Jura)\" target=\"_blank\"><mark style=\"background-color:rgba(0, 0, 0, 0);color:#3b7ab4\" class=\"has-inline-color\">F<\/mark><\/a><a rel=\"noreferrer noopener\" href=\"https:\/\/fr.wikipedia.org\/wiki\/Dole_(Jura)\" target=\"_blank\"><mark style=\"background-color:rgba(0, 0, 0, 0);color:#3b7ab4\" class=\"has-inline-color\">R<\/mark><\/a><a rel=\"noreferrer noopener\" href=\"https:\/\/fr.wikipedia.org\/wiki\/Dole_(Jura)\" target=\"_blank\"><mark style=\"background-color:rgba(0, 0, 0, 0);color:#3b7ab4\" class=\"has-inline-color\">)<\/mark><\/a><\/p>\n<\/div>\n\n\n\n<div class=\"wp-block-column is-layout-flow wp-block-column-is-layout-flow\"><div class=\"wp-block-image\">\n<figure class=\"aligncenter size-full\"><img loading=\"lazy\" decoding=\"async\" width=\"1024\" height=\"681\" src=\"https:\/\/bijoududoubs.com\/wp-content\/uploads\/2022\/01\/0302-Dole-Hotel-Dieu.png\" alt=\"\" class=\"wp-image-2783\" srcset=\"https:\/\/bijoududoubs.com\/wp-content\/uploads\/2022\/01\/0302-Dole-Hotel-Dieu.png 1024w, https:\/\/bijoududoubs.com\/wp-content\/uploads\/2022\/01\/0302-Dole-Hotel-Dieu-300x200.png 300w, https:\/\/bijoududoubs.com\/wp-content\/uploads\/2022\/01\/0302-Dole-Hotel-Dieu-768x511.png 768w\" sizes=\"auto, (max-width: 767px) 89vw, (max-width: 1000px) 54vw, (max-width: 1071px) 543px, 580px\" \/><figcaption class=\"wp-element-caption\"><mark style=\"background-color:rgba(0, 0, 0, 0);color:#3b7ab4\" class=\"has-inline-color\">L&#8217;H\u00f4tel-Dieu \u00e0 Dole<\/mark><\/figcaption><\/figure>\n<\/div><\/div>\n<\/div>\n<\/div>\n<\/div>\n\n\n\n<div class=\"wp-block-columns is-layout-flex wp-container-core-columns-is-layout-9d6595d7 wp-block-columns-is-layout-flex\">\n<div class=\"wp-block-column is-layout-flow wp-block-column-is-layout-flow\">\n<h3 class=\"wp-block-heading\" style=\"font-size:24px\"><strong><span style=\"color:#7c9a64\" class=\"has-inline-color\">Chalon-sur-Sa\u00f4ne<\/span><\/strong><\/h3>\n\n\n\n<p><mark style=\"background-color:rgba(0, 0, 0, 0);color:#3c7ab4\" class=\"has-inline-color\">Distance:<br>40km, env. 42min<br><br>Liens:<br><\/mark><a rel=\"noreferrer noopener\" href=\"https:\/\/www.achalon.com\" target=\"_blank\"><mark style=\"background-color:rgba(0, 0, 0, 0);color:#3c7ab4\" class=\"has-inline-color\">Chalon-sur-Sa\u00f4ne Tourisme (<\/mark><\/a><a rel=\"noreferrer noopener\" href=\"https:\/\/www.achalon.com\" target=\"_blank\"><mark style=\"background-color:rgba(0, 0, 0, 0);color:#3c7ab4\" class=\"has-inline-color\">F<\/mark><\/a><a rel=\"noreferrer noopener\" href=\"https:\/\/www.achalon.com\" target=\"_blank\"><mark style=\"background-color:rgba(0, 0, 0, 0);color:#3c7ab4\" class=\"has-inline-color\">R<\/mark><\/a><a rel=\"noreferrer noopener\" href=\"https:\/\/www.achalon.com\" target=\"_blank\"><mark style=\"background-color:rgba(0, 0, 0, 0);color:#3c7ab4\" class=\"has-inline-color\">)<\/mark><\/a><mark style=\"background-color:rgba(0, 0, 0, 0);color:#3c7ab4\" class=\"has-inline-color\"><br><\/mark><a rel=\"noreferrer noopener\" href=\"https:\/\/fr.wikipedia.org\/wiki\/Chalon-sur-Sa%C3%B4ne\" target=\"_blank\"><mark style=\"background-color:rgba(0, 0, 0, 0);color:#3c7ab4\" class=\"has-inline-color\">Chalon-sur-Sa\u00f4ne Wikipedia (FR)<\/mark><\/a><\/p>\n<\/div>\n\n\n\n<div class=\"wp-block-column is-layout-flow wp-block-column-is-layout-flow\">\n<figure class=\"wp-block-image size-full\"><img loading=\"lazy\" decoding=\"async\" width=\"670\" height=\"310\" src=\"https:\/\/bijoududoubs.com\/wp-content\/uploads\/2022\/01\/0302-Chalon-sur-Saone.jpg\" alt=\"\" class=\"wp-image-2789\" srcset=\"https:\/\/bijoududoubs.com\/wp-content\/uploads\/2022\/01\/0302-Chalon-sur-Saone.jpg 670w, https:\/\/bijoududoubs.com\/wp-content\/uploads\/2022\/01\/0302-Chalon-sur-Saone-300x139.jpg 300w\" sizes=\"auto, (max-width: 670px) 100vw, 670px\" \/><figcaption class=\"wp-element-caption\"><mark style=\"background-color:rgba(0, 0, 0, 0);color:#3b7ab4\" class=\"has-inline-color\">La cit\u00e9 de Chalon-sur-Sa\u00f4ne<\/mark><\/figcaption><\/figure>\n<\/div>\n<\/div>\n\n\n\n<div class=\"wp-block-columns is-layout-flex wp-container-core-columns-is-layout-9d6595d7 wp-block-columns-is-layout-flex\">\n<div class=\"wp-block-column is-layout-flow wp-block-column-is-layout-flow\">\n<h3 class=\"wp-block-heading\" style=\"font-size:24px\"><strong><span style=\"color:#7c9a64\" class=\"has-inline-color\">Ch\u00e2teauneuf-en-Auxois<\/span><\/strong><\/h3>\n\n\n\n<p><mark style=\"background-color:rgba(0, 0, 0, 0);color:#3b7ab4\" class=\"has-inline-color\">Distance:<br>92km, env. 63min<br><br>Liens:<\/mark><br><a href=\"https:\/\/www.bourgogne-tourisme.com\/sejourner\/ou-aller-bourgogne-villes-villages-territoires\/top-5-des-plus-beaux-villages-de-bourgogne\/chateauneuf-en-auxois-village-et-chateau\/\" target=\"_blank\" rel=\"noreferrer noopener\"><mark style=\"background-color:rgba(0, 0, 0, 0);color:#3b7ab4\" class=\"has-inline-color\">Ch\u00e2teauneuf-en-Auxois Tourisme (F<\/mark><\/a><a href=\"https:\/\/www.bourgogne-tourisme.com\/sejourner\/ou-aller-bourgogne-villes-villages-territoires\/top-5-des-plus-beaux-villages-de-bourgogne\/chateauneuf-en-auxois-village-et-chateau\/\" target=\"_blank\" rel=\"noreferrer noopener\"><mark style=\"background-color:rgba(0, 0, 0, 0);color:#3b7ab4\" class=\"has-inline-color\">R<\/mark><\/a><a href=\"https:\/\/www.bourgogne-tourisme.com\/sejourner\/ou-aller-bourgogne-villes-villages-territoires\/top-5-des-plus-beaux-villages-de-bourgogne\/chateauneuf-en-auxois-village-et-chateau\/\" target=\"_blank\" rel=\"noreferrer noopener\"><mark style=\"background-color:rgba(0, 0, 0, 0);color:#3b7ab4\" class=\"has-inline-color\">)<\/mark><\/a><mark style=\"background-color:rgba(0, 0, 0, 0);color:#3b7ab4\" class=\"has-inline-color\"><br><\/mark><a href=\"https:\/\/fr.wikipedia.org\/wiki\/Ch%C3%A2teauneuf_(C%C3%B4te-d%27Or)\" target=\"_blank\" rel=\"noreferrer noopener\"><mark style=\"background-color:rgba(0, 0, 0, 0);color:#3b7ab4\" class=\"has-inline-color\">Ch\u00e2teauneuf-en-Auxois Wikipedia (<\/mark><\/a><a href=\"https:\/\/fr.wikipedia.org\/wiki\/Ch%C3%A2teauneuf_(C%C3%B4te-d%27Or)\" target=\"_blank\" rel=\"noreferrer noopener\"><mark style=\"background-color:rgba(0, 0, 0, 0);color:#3b7ab4\" class=\"has-inline-color\">F<\/mark><\/a><a href=\"https:\/\/fr.wikipedia.org\/wiki\/Ch%C3%A2teauneuf_(C%C3%B4te-d%27Or)\" target=\"_blank\" rel=\"noreferrer noopener\"><mark style=\"background-color:rgba(0, 0, 0, 0);color:#3b7ab4\" class=\"has-inline-color\">R<\/mark><\/a><a href=\"https:\/\/fr.wikipedia.org\/wiki\/Ch%C3%A2teauneuf_(C%C3%B4te-d%27Or)\" target=\"_blank\" rel=\"noreferrer noopener\"><mark style=\"background-color:rgba(0, 0, 0, 0);color:#3b7ab4\" class=\"has-inline-color\">)<\/mark><\/a><\/p>\n<\/div>\n\n\n\n<div class=\"wp-block-column is-layout-flow wp-block-column-is-layout-flow\">\n<figure class=\"wp-block-image size-large\"><img loading=\"lazy\" decoding=\"async\" width=\"768\" height=\"1024\" src=\"https:\/\/bijoududoubs.com\/wp-content\/uploads\/2022\/01\/0302-Auxois-Cafe-768x1024.jpg\" alt=\"\" class=\"wp-image-2777\" srcset=\"https:\/\/bijoududoubs.com\/wp-content\/uploads\/2022\/01\/0302-Auxois-Cafe-768x1024.jpg 768w, https:\/\/bijoududoubs.com\/wp-content\/uploads\/2022\/01\/0302-Auxois-Cafe-225x300.jpg 225w, https:\/\/bijoududoubs.com\/wp-content\/uploads\/2022\/01\/0302-Auxois-Cafe-1152x1536.jpg 1152w, https:\/\/bijoududoubs.com\/wp-content\/uploads\/2022\/01\/0302-Auxois-Cafe.jpg 1536w\" sizes=\"auto, (max-width: 767px) 89vw, (max-width: 1000px) 54vw, (max-width: 1071px) 543px, 580px\" \/><figcaption class=\"wp-element-caption\"><mark style=\"background-color:rgba(0, 0, 0, 0);color:#3b7ab4\" class=\"has-inline-color\">Caf\u00e9 magnifique \u00e0 Ch\u00e2teauneuf-en-Auxois<\/mark><\/figcaption><\/figure>\n<\/div>\n<\/div>\n\n\n\n<div class=\"wp-block-columns is-layout-flex wp-container-core-columns-is-layout-9d6595d7 wp-block-columns-is-layout-flex\">\n<div class=\"wp-block-column is-layout-flow wp-block-column-is-layout-flow\">\n<h3 class=\"wp-block-heading\" style=\"font-size:24px\"><strong><span style=\"color:#7c9a64\" class=\"has-inline-color\">Ch\u00e2teau du Clos de Vougeot<\/span><\/strong><\/h3>\n\n\n\n<p><mark style=\"background-color:rgba(0, 0, 0, 0);color:#3b7ab4\" class=\"has-inline-color\">Distance:<br>45km, env. 43min<br><br>Liens:<br><\/mark><a href=\"https:\/\/www.beaune-tourisme.fr\/que-faire\/sites-de-visite\/chateau-du-clos-de-vougeot-674438\" target=\"_blank\" rel=\"noreferrer noopener\"><mark style=\"background-color:rgba(0, 0, 0, 0);color:#3b7ab4\" class=\"has-inline-color\">Clos de Vougeot Tourisme (FR)<\/mark><\/a><mark style=\"background-color:rgba(0, 0, 0, 0);color:#3b7ab4\" class=\"has-inline-color\"><br><\/mark><a href=\"https:\/\/fr.wikipedia.org\/wiki\/Ch%C3%A2teau_du_Clos_de_Vougeot\" target=\"_blank\" rel=\"noreferrer noopener\"><mark style=\"background-color:rgba(0, 0, 0, 0);color:#3b7ab4\" class=\"has-inline-color\">Clos de Vougeot Wikipedia (FR)<\/mark><\/a><\/p>\n<\/div>\n\n\n\n<div class=\"wp-block-column is-layout-flow wp-block-column-is-layout-flow\">\n<figure class=\"wp-block-image size-large\"><img loading=\"lazy\" decoding=\"async\" width=\"768\" height=\"1024\" src=\"https:\/\/bijoududoubs.com\/wp-content\/uploads\/2022\/01\/0302-Chateau-Vougeot-768x1024.jpg\" alt=\"\" class=\"wp-image-2786\" srcset=\"https:\/\/bijoududoubs.com\/wp-content\/uploads\/2022\/01\/0302-Chateau-Vougeot-768x1024.jpg 768w, https:\/\/bijoududoubs.com\/wp-content\/uploads\/2022\/01\/0302-Chateau-Vougeot-225x300.jpg 225w, https:\/\/bijoududoubs.com\/wp-content\/uploads\/2022\/01\/0302-Chateau-Vougeot-1152x1536.jpg 1152w, https:\/\/bijoududoubs.com\/wp-content\/uploads\/2022\/01\/0302-Chateau-Vougeot.jpg 1536w\" sizes=\"auto, (max-width: 767px) 89vw, (max-width: 1000px) 54vw, (max-width: 1071px) 543px, 580px\" \/><figcaption class=\"wp-element-caption\"><mark style=\"background-color:rgba(0, 0, 0, 0);color:#3b7ab4\" class=\"has-inline-color\">Le Ch\u00e2teau du Clos de Vougeot<\/mark><\/figcaption><\/figure>\n<\/div>\n<\/div>\n\n\n\n<div class=\"wp-block-columns is-layout-flex wp-container-core-columns-is-layout-9d6595d7 wp-block-columns-is-layout-flex\">\n<div class=\"wp-block-column is-layout-flow wp-block-column-is-layout-flow\">\n<h3 class=\"wp-block-heading\" style=\"font-size:24px\"><strong><span style=\"color:#7c9a64\" class=\"has-inline-color\">Une excursion qui vaut la peine avec des enfants<\/span><\/strong><\/h3>\n\n\n\n<p class=\"has-text-color has-link-color wp-elements-949d5ef2c35e0441caa62aa30a343d93\" style=\"color:#3b7ab4\"><mark style=\"background-color:rgba(0, 0, 0, 0);color:#3b7ab4\" class=\"has-inline-color\">Tyrolienne, accrobranche, \u00e9quitation, &#8230; <\/mark><br><mark style=\"background-color:rgba(0, 0, 0, 0);color:#3b7ab4\" class=\"has-inline-color\">Domaine de la Loge,<\/mark><br><mark style=\"background-color:rgba(0, 0, 0, 0);color:#3b7ab4\" class=\"has-inline-color\">71580 Flacey-en-Bresse<\/mark><br><mark style=\"background-color:rgba(0, 0, 0, 0);color:#3b7ab4\" class=\"has-inline-color\">Distance:<br>53km, env. 50min<br><br>Liens:<br><\/mark><a href=\"https:\/\/domainedelaloge.fr\/\" target=\"_blank\" rel=\"noreferrer noopener\">Site Web (FR)<\/a><mark style=\"background-color:rgba(0, 0, 0, 0);color:#3b7ab4\" class=\"has-inline-color\"><br><\/mark><a href=\"https:\/\/www.bourgogne-tourisme.com\/stages-et-cours\/domaine-de-la-loge-parc-nature-aventures\" target=\"_blank\" rel=\"noreferrer noopener\">Aper\u00e7u sur la page du tourisme (FR)<\/a><\/p>\n<\/div>\n\n\n\n<div class=\"wp-block-column is-layout-flow wp-block-column-is-layout-flow\">\n<figure class=\"wp-block-image size-full\"><img loading=\"lazy\" decoding=\"async\" width=\"952\" height=\"966\" src=\"https:\/\/bijoududoubs.com\/wp-content\/uploads\/2025\/03\/0302-Domaine-de-la-loge-accrobranche.jpeg\" alt=\"\" class=\"wp-image-6458\" srcset=\"https:\/\/bijoududoubs.com\/wp-content\/uploads\/2025\/03\/0302-Domaine-de-la-loge-accrobranche.jpeg 952w, https:\/\/bijoududoubs.com\/wp-content\/uploads\/2025\/03\/0302-Domaine-de-la-loge-accrobranche-296x300.jpeg 296w, https:\/\/bijoududoubs.com\/wp-content\/uploads\/2025\/03\/0302-Domaine-de-la-loge-accrobranche-768x779.jpeg 768w, https:\/\/bijoududoubs.com\/wp-content\/uploads\/2025\/03\/0302-Domaine-de-la-loge-accrobranche-100x100.jpeg 100w\" sizes=\"auto, (max-width: 767px) 89vw, (max-width: 1000px) 54vw, (max-width: 1071px) 543px, 580px\" \/><figcaption class=\"wp-element-caption\"><mark style=\"background-color:rgba(0, 0, 0, 0);color:#3b7ab4\" class=\"has-inline-color\">Parcours d&#8217;escalade au Domaine de la Loge<\/mark><\/figcaption><\/figure>\n<\/div>\n<\/div>\n","protected":false},"excerpt":{"rendered":"<p>Destinations dans les alentours Nous vous proposons ci-dessous une petite s\u00e9lection de destinations dans les alentours qui valent la peine d&#8217;\u00eatre visit\u00e9es \u2013 mais nous ne voulons en aucun cas freiner votre envie de d\u00e9couverte! Vous trouverez de plus amples informations en cliquant sur les liens indiqu\u00e9s.[Nous n&#8217;avons pas mentionn\u00e9 ici les fiefs touristiques: Beaune &hellip; <\/p>\n<p class=\"link-more\"><a href=\"https:\/\/bijoududoubs.com\/?page_id=639&#038;lang=fr\" class=\"more-link\"><span class=\"screen-reader-text\">\u201eFR 0302 Activit\u00e9s &#8211; Les alentours\u201c <\/span>weiterlesen<\/a><\/p>\n","protected":false},"author":2,"featured_media":0,"parent":0,"menu_order":0,"comment_status":"closed","ping_status":"closed","template":"","meta":{"footnotes":""},"class_list":["post-639","page","type-page","status-publish","hentry"],"_links":{"self":[{"href":"https:\/\/bijoududoubs.com\/index.php?rest_route=\/wp\/v2\/pages\/639","targetHints":{"allow":["GET"]}}],"collection":[{"href":"https:\/\/bijoududoubs.com\/index.php?rest_route=\/wp\/v2\/pages"}],"about":[{"href":"https:\/\/bijoududoubs.com\/index.php?rest_route=\/wp\/v2\/types\/page"}],"author":[{"embeddable":true,"href":"https:\/\/bijoududoubs.com\/index.php?rest_route=\/wp\/v2\/users\/2"}],"replies":[{"embeddable":true,"href":"https:\/\/bijoududoubs.com\/index.php?rest_route=%2Fwp%2Fv2%2Fcomments&post=639"}],"version-history":[{"count":26,"href":"https:\/\/bijoududoubs.com\/index.php?rest_route=\/wp\/v2\/pages\/639\/revisions"}],"predecessor-version":[{"id":6475,"href":"https:\/\/bijoududoubs.com\/index.php?rest_route=\/wp\/v2\/pages\/639\/revisions\/6475"}],"wp:attachment":[{"href":"https:\/\/bijoududoubs.com\/index.php?rest_route=%2Fwp%2Fv2%2Fmedia&parent=639"}],"curies":[{"name":"wp","href":"https:\/\/api.w.org\/{rel}","templated":true}]}}