{"id":331,"date":"2021-11-30T11:19:05","date_gmt":"2021-11-30T10:19:05","guid":{"rendered":"https:\/\/bijoududoubs.com\/?page_id=331"},"modified":"2023-01-26T16:00:15","modified_gmt":"2023-01-26T15:00:15","slug":"de-oeffnungszeiten","status":"publish","type":"page","link":"https:\/\/bijoududoubs.com\/?page_id=331","title":{"rendered":"DE 0401 Wissenswertes &#8211; \u00d6ffnungszeiten"},"content":{"rendered":"\n<p style=\"font-size:34px\"><mark style=\"background-color:rgba(0, 0, 0, 0);color:#7c9a64\" class=\"has-inline-color\"><strong>\u00d6ffnungszeiten<\/strong><\/mark><\/p>\n\n\n\n<h2 class=\"has-text-color wp-block-heading\" style=\"color:#7c9a64;font-size:24px;line-height:1.2\"><strong>Campingplatz<\/strong><\/h2>\n\n\n\n<p class=\"has-text-color\" style=\"color:#3b7ab4\"><strong>\u00d6ffnungszeit: <\/strong>Mitte April bis Ende September<\/p>\n\n\n\n<p class=\"has-text-color\" style=\"color:#3b7ab4\"><strong>Nebensaison:<\/strong> Von der \u00d6ffnung bis 30. Juni und vom 1. September bis zur Schlie\u00dfung.<\/p>\n\n\n\n<p class=\"has-text-color\" style=\"color:#3b7ab4\"><strong>Hauptsaison:<\/strong> Vom 1. Juli bis 31. August<\/p>\n\n\n\n<p class=\"has-text-color\" style=\"color:#3b7ab4;line-height:1.4\">Witterungsabh\u00e4ngig kann die \u00d6ffnungszeit geringf\u00fcgig variieren. Im Zweifel rufen Sie bitte die +33 3 85 72 82 32 an und lassen es lange klingeln &#8230;<\/p>\n\n\n\n<h2 class=\"has-text-color wp-block-heading\" style=\"color:#7c9a64;font-size:24px;line-height:1.2\"><strong>Rezeption und Restaurant<\/strong> <\/h2>\n\n\n\n<figure class=\"wp-block-image size-large\"><img loading=\"lazy\" decoding=\"async\" width=\"1024\" height=\"185\" src=\"https:\/\/bijoududoubs.com\/wp-content\/uploads\/2022\/11\/0401-Oeffnungszeiten-DE-1024x185.png\" alt=\"\" class=\"wp-image-4688\" srcset=\"https:\/\/bijoududoubs.com\/wp-content\/uploads\/2022\/11\/0401-Oeffnungszeiten-DE-1024x185.png 1024w, https:\/\/bijoududoubs.com\/wp-content\/uploads\/2022\/11\/0401-Oeffnungszeiten-DE-300x54.png 300w, https:\/\/bijoududoubs.com\/wp-content\/uploads\/2022\/11\/0401-Oeffnungszeiten-DE-768x139.png 768w, https:\/\/bijoududoubs.com\/wp-content\/uploads\/2022\/11\/0401-Oeffnungszeiten-DE.png 1463w\" sizes=\"auto, (max-width: 767px) 89vw, (max-width: 1000px) 54vw, (max-width: 1071px) 543px, 580px\" \/><\/figure>\n\n\n\n<p class=\"has-text-color\" style=\"color:#3b7ab4;line-height:1.4\">Eigentlich sind wir an der Rezeption (fast) immer f\u00fcr Sie da, zu den genannten Zeiten jedoch auf jeden Fall. Sollte die Rezeption ausnahmsweise einmal nicht besetzt sein und Sie vor der Schranke stehen, dann rufen Sie bitte die <strong>+33 3 85 72 82 32 <\/strong>an und lassen es lange klingeln &#8230;<\/p>\n\n\n\n<p><mark style=\"background-color:rgba(0, 0, 0, 0);color:#3b7ab4\" class=\"has-inline-color\">F\u00fcr das Restaurant sind das die &#8222;offiziellen&#8220; Zeiten. Wir sind keine Unmenschen und lassen Sie nicht verhungern, sollten Sie erst sp\u00e4t am Platz ankommen &#8230;<\/mark><\/p>\n","protected":false},"excerpt":{"rendered":"<p>\u00d6ffnungszeiten Campingplatz \u00d6ffnungszeit: Mitte April bis Ende September Nebensaison: Von der \u00d6ffnung bis 30. Juni und vom 1. September bis zur Schlie\u00dfung. Hauptsaison: Vom 1. Juli bis 31. August Witterungsabh\u00e4ngig kann die \u00d6ffnungszeit geringf\u00fcgig variieren. Im Zweifel rufen Sie bitte die +33 3 85 72 82 32 an und lassen es lange klingeln &#8230; Rezeption &hellip; <\/p>\n<p class=\"link-more\"><a href=\"https:\/\/bijoududoubs.com\/?page_id=331\" class=\"more-link\"><span class=\"screen-reader-text\">\u201eDE 0401 Wissenswertes &#8211; \u00d6ffnungszeiten\u201c <\/span>weiterlesen<\/a><\/p>\n","protected":false},"author":2,"featured_media":0,"parent":0,"menu_order":0,"comment_status":"closed","ping_status":"closed","template":"","meta":{"footnotes":""},"class_list":["post-331","page","type-page","status-publish","hentry"],"_links":{"self":[{"href":"https:\/\/bijoududoubs.com\/index.php?rest_route=\/wp\/v2\/pages\/331","targetHints":{"allow":["GET"]}}],"collection":[{"href":"https:\/\/bijoududoubs.com\/index.php?rest_route=\/wp\/v2\/pages"}],"about":[{"href":"https:\/\/bijoududoubs.com\/index.php?rest_route=\/wp\/v2\/types\/page"}],"author":[{"embeddable":true,"href":"https:\/\/bijoududoubs.com\/index.php?rest_route=\/wp\/v2\/users\/2"}],"replies":[{"embeddable":true,"href":"https:\/\/bijoududoubs.com\/index.php?rest_route=%2Fwp%2Fv2%2Fcomments&post=331"}],"version-history":[{"count":32,"href":"https:\/\/bijoududoubs.com\/index.php?rest_route=\/wp\/v2\/pages\/331\/revisions"}],"predecessor-version":[{"id":5023,"href":"https:\/\/bijoududoubs.com\/index.php?rest_route=\/wp\/v2\/pages\/331\/revisions\/5023"}],"wp:attachment":[{"href":"https:\/\/bijoududoubs.com\/index.php?rest_route=%2Fwp%2Fv2%2Fmedia&parent=331"}],"curies":[{"name":"wp","href":"https:\/\/api.w.org\/{rel}","templated":true}]}}