{"id":255,"date":"2021-11-29T15:56:44","date_gmt":"2021-11-29T14:56:44","guid":{"rendered":"https:\/\/bijoududoubs.com\/?page_id=255"},"modified":"2026-03-26T12:16:20","modified_gmt":"2026-03-26T11:16:20","slug":"notre-carte","status":"publish","type":"page","link":"https:\/\/bijoududoubs.com\/?page_id=255&lang=fr","title":{"rendered":"FR 0201 Notre Restaurant &#8211; Notre menu"},"content":{"rendered":"\n<h2 class=\"wp-block-heading has-text-color\" style=\"color:#7c9a64;font-size:34px;line-height:1.2\"><strong>Notre menu <\/strong><\/h2>\n\n\n\n<p class=\"has-text-color\" style=\"color:#3b7ab4;line-height:1.4\"><br>Nous proposons des plats locaux et des sp\u00e9cialit\u00e9s fran\u00e7aises sur notre carte \u2013 ainsi que les propres id\u00e9es du chef.<\/p>\n\n\n\n<p class=\"has-text-color has-link-color wp-elements-b374cef45e039dee5f2f19b89b6ffa0d\" style=\"color:#7c9a64\">Nous avons <strong>une grande sollicitation <\/strong>\u00e0 vous faire : si possible, veuillez r\u00e9server \u00e0 l\u2019avance, personnellement au bar, par mail (contact@bijoududoubs.com) ou via +33 3 85 72 82 32. Merci d&#8217;avance!<\/p>\n\n\n\n<div class=\"wp-block-file\"><a id=\"wp-block-file--media-aa159ac5-3373-4ed3-b1b4-c9204383a7ec\" href=\"https:\/\/bijoududoubs.com\/wp-content\/uploads\/2026\/03\/0201-FR-Speisekarte.pdf\" target=\"_blank\" rel=\"noreferrer noopener\"><strong><mark style=\"background-color:rgba(0, 0, 0, 0);color:#3b7ab4\" class=\"has-inline-color\">T\u00e9l\u00e9charger le menu actuel au format pdf.<\/mark><\/strong><\/a><\/div>\n\n\n\n<figure class=\"wp-block-image size-large\"><img loading=\"lazy\" decoding=\"async\" width=\"724\" height=\"1024\" src=\"https:\/\/bijoududoubs.com\/wp-content\/uploads\/2026\/03\/0201-FR-Speisekarte-p1-724x1024.png\" alt=\"\" class=\"wp-image-7260\" srcset=\"https:\/\/bijoududoubs.com\/wp-content\/uploads\/2026\/03\/0201-FR-Speisekarte-p1-724x1024.png 724w, https:\/\/bijoududoubs.com\/wp-content\/uploads\/2026\/03\/0201-FR-Speisekarte-p1-212x300.png 212w, https:\/\/bijoududoubs.com\/wp-content\/uploads\/2026\/03\/0201-FR-Speisekarte-p1-768x1086.png 768w, https:\/\/bijoududoubs.com\/wp-content\/uploads\/2026\/03\/0201-FR-Speisekarte-p1-1086x1536.png 1086w, https:\/\/bijoududoubs.com\/wp-content\/uploads\/2026\/03\/0201-FR-Speisekarte-p1.png 1240w\" sizes=\"auto, (max-width: 724px) 100vw, 724px\" \/><\/figure>\n\n\n\n<figure class=\"wp-block-image size-large\"><img loading=\"lazy\" decoding=\"async\" width=\"724\" height=\"1024\" src=\"https:\/\/bijoududoubs.com\/wp-content\/uploads\/2026\/03\/0201-FR-Speisekarte-p2-724x1024.png\" alt=\"\" class=\"wp-image-7261\" srcset=\"https:\/\/bijoududoubs.com\/wp-content\/uploads\/2026\/03\/0201-FR-Speisekarte-p2-724x1024.png 724w, https:\/\/bijoududoubs.com\/wp-content\/uploads\/2026\/03\/0201-FR-Speisekarte-p2-212x300.png 212w, https:\/\/bijoududoubs.com\/wp-content\/uploads\/2026\/03\/0201-FR-Speisekarte-p2-768x1086.png 768w, https:\/\/bijoududoubs.com\/wp-content\/uploads\/2026\/03\/0201-FR-Speisekarte-p2-1086x1536.png 1086w, https:\/\/bijoududoubs.com\/wp-content\/uploads\/2026\/03\/0201-FR-Speisekarte-p2.png 1240w\" sizes=\"auto, (max-width: 724px) 100vw, 724px\" \/><\/figure>\n\n\n\n<figure class=\"wp-block-image size-large\"><img loading=\"lazy\" decoding=\"async\" width=\"724\" height=\"1024\" src=\"https:\/\/bijoududoubs.com\/wp-content\/uploads\/2026\/03\/0201-FR-Speisekarte-p3-724x1024.png\" alt=\"\" class=\"wp-image-7262\" srcset=\"https:\/\/bijoududoubs.com\/wp-content\/uploads\/2026\/03\/0201-FR-Speisekarte-p3-724x1024.png 724w, https:\/\/bijoududoubs.com\/wp-content\/uploads\/2026\/03\/0201-FR-Speisekarte-p3-212x300.png 212w, https:\/\/bijoududoubs.com\/wp-content\/uploads\/2026\/03\/0201-FR-Speisekarte-p3-768x1086.png 768w, https:\/\/bijoududoubs.com\/wp-content\/uploads\/2026\/03\/0201-FR-Speisekarte-p3-1086x1536.png 1086w, https:\/\/bijoududoubs.com\/wp-content\/uploads\/2026\/03\/0201-FR-Speisekarte-p3.png 1240w\" sizes=\"auto, (max-width: 724px) 100vw, 724px\" \/><\/figure>\n\n\n\n<figure class=\"wp-block-image size-large\"><img loading=\"lazy\" decoding=\"async\" width=\"724\" height=\"1024\" src=\"https:\/\/bijoududoubs.com\/wp-content\/uploads\/2026\/03\/0201-FR-Speisekarte-p4-724x1024.png\" alt=\"\" class=\"wp-image-7263\" srcset=\"https:\/\/bijoududoubs.com\/wp-content\/uploads\/2026\/03\/0201-FR-Speisekarte-p4-724x1024.png 724w, https:\/\/bijoududoubs.com\/wp-content\/uploads\/2026\/03\/0201-FR-Speisekarte-p4-212x300.png 212w, https:\/\/bijoududoubs.com\/wp-content\/uploads\/2026\/03\/0201-FR-Speisekarte-p4-768x1086.png 768w, https:\/\/bijoududoubs.com\/wp-content\/uploads\/2026\/03\/0201-FR-Speisekarte-p4-1086x1536.png 1086w, https:\/\/bijoududoubs.com\/wp-content\/uploads\/2026\/03\/0201-FR-Speisekarte-p4.png 1240w\" sizes=\"auto, (max-width: 724px) 100vw, 724px\" \/><\/figure>\n\n\n\n<p class=\"has-text-color has-link-color wp-elements-a0fee2190d446cdfc5ce93ce3ce32a01\" style=\"color:#3b7ab4\">Et bien s\u00fbr, nous servons aussi des desserts et des coupes de glace (sans et avec alcool). Et oui, c&#8217;est vrai &#8230; les poign\u00e9es d&#8217;amour sont un risque r\u00e9el \u2026 mais nous vous assurons que le prix en vaut la chandelle!!!<\/p>\n\n\n\n<div class=\"wp-block-file\"><a id=\"wp-block-file--media-646b6e10-626b-4ef7-ad83-643861c1c04f\" href=\"https:\/\/bijoududoubs.com\/wp-content\/uploads\/2026\/03\/0201a-FR-Nachtischkarte.pdf\" target=\"_blank\" rel=\"noreferrer noopener\"><strong><mark style=\"background-color:rgba(0, 0, 0, 0);color:#3b7ab4\" class=\"has-inline-color\">T\u00e9l\u00e9charger la carte des desserts au format pdf.<\/mark><\/strong><\/a><\/div>\n\n\n\n<div class=\"wp-block-columns is-layout-flex wp-container-core-columns-is-layout-9d6595d7 wp-block-columns-is-layout-flex\">\n<div class=\"wp-block-column is-vertically-aligned-center is-layout-flow wp-block-column-is-layout-flow\"><\/div>\n<\/div>\n\n\n\n<figure class=\"wp-block-image size-large\"><img loading=\"lazy\" decoding=\"async\" width=\"723\" height=\"1024\" src=\"https:\/\/bijoududoubs.com\/wp-content\/uploads\/2026\/03\/0201a-FR-Nachtischkarte-p1-723x1024.png\" alt=\"\" class=\"wp-image-7242\" srcset=\"https:\/\/bijoududoubs.com\/wp-content\/uploads\/2026\/03\/0201a-FR-Nachtischkarte-p1-723x1024.png 723w, https:\/\/bijoududoubs.com\/wp-content\/uploads\/2026\/03\/0201a-FR-Nachtischkarte-p1-212x300.png 212w, https:\/\/bijoududoubs.com\/wp-content\/uploads\/2026\/03\/0201a-FR-Nachtischkarte-p1-768x1088.png 768w, https:\/\/bijoududoubs.com\/wp-content\/uploads\/2026\/03\/0201a-FR-Nachtischkarte-p1.png 875w\" sizes=\"auto, (max-width: 723px) 100vw, 723px\" \/><\/figure>\n\n\n\n<figure class=\"wp-block-image size-large\"><img loading=\"lazy\" decoding=\"async\" width=\"723\" height=\"1024\" src=\"https:\/\/bijoududoubs.com\/wp-content\/uploads\/2026\/03\/0201a-FR-Nachtischkarte-p2-723x1024.png\" alt=\"\" class=\"wp-image-7266\" srcset=\"https:\/\/bijoududoubs.com\/wp-content\/uploads\/2026\/03\/0201a-FR-Nachtischkarte-p2-723x1024.png 723w, https:\/\/bijoududoubs.com\/wp-content\/uploads\/2026\/03\/0201a-FR-Nachtischkarte-p2-212x300.png 212w, https:\/\/bijoududoubs.com\/wp-content\/uploads\/2026\/03\/0201a-FR-Nachtischkarte-p2-768x1088.png 768w, https:\/\/bijoududoubs.com\/wp-content\/uploads\/2026\/03\/0201a-FR-Nachtischkarte-p2.png 875w\" sizes=\"auto, (max-width: 723px) 100vw, 723px\" \/><\/figure>\n\n\n\n<div class=\"wp-block-columns is-layout-flex wp-container-core-columns-is-layout-9d6595d7 wp-block-columns-is-layout-flex\">\n<div class=\"wp-block-column is-vertically-aligned-center is-layout-flow wp-block-column-is-layout-flow\">\n<p class=\"has-text-color\" style=\"color:#3b7ab4\">De plus, nous avons une grande ardoise sur la terrasse : sur celui-ci sont inscrits les offres actuelles, les plats de saison ou encore les nouvelles id\u00e9es du chef (en g\u00e9n\u00e9ral uniquement en fran\u00e7ais et allemand).<\/p>\n<\/div>\n\n\n\n<div class=\"wp-block-column is-layout-flow wp-block-column-is-layout-flow\">\n<figure class=\"wp-block-image size-large\"><img loading=\"lazy\" decoding=\"async\" width=\"1024\" height=\"576\" src=\"https:\/\/bijoududoubs.com\/wp-content\/uploads\/2026\/01\/Ardoise_3-1024x576.jpg\" alt=\"\" class=\"wp-image-6797\" srcset=\"https:\/\/bijoududoubs.com\/wp-content\/uploads\/2026\/01\/Ardoise_3-1024x576.jpg 1024w, https:\/\/bijoududoubs.com\/wp-content\/uploads\/2026\/01\/Ardoise_3-300x169.jpg 300w, https:\/\/bijoududoubs.com\/wp-content\/uploads\/2026\/01\/Ardoise_3-768x432.jpg 768w, https:\/\/bijoududoubs.com\/wp-content\/uploads\/2026\/01\/Ardoise_3-1536x864.jpg 1536w, https:\/\/bijoududoubs.com\/wp-content\/uploads\/2026\/01\/Ardoise_3-2048x1152.jpg 2048w\" sizes=\"auto, (max-width: 767px) 89vw, (max-width: 1000px) 54vw, (max-width: 1071px) 543px, 580px\" \/><figcaption class=\"wp-element-caption\"><mark style=\"background-color:rgba(0, 0, 0, 0);color:#3b7ab4\" class=\"has-inline-color\">L\u2019ardoise avec les sp\u00e9cialit\u00e9s actuelles en \u00e9t\u00e9 2025<\/mark><\/figcaption><\/figure>\n<\/div>\n<\/div>\n","protected":false},"excerpt":{"rendered":"<p>Notre menu Nous proposons des plats locaux et des sp\u00e9cialit\u00e9s fran\u00e7aises sur notre carte \u2013 ainsi que les propres id\u00e9es du chef. Nous avons une grande sollicitation \u00e0 vous faire : si possible, veuillez r\u00e9server \u00e0 l\u2019avance, personnellement au bar, par mail (contact@bijoududoubs.com) ou via +33 3 85 72 82 32. Merci d&#8217;avance! Et bien &hellip; <\/p>\n<p class=\"link-more\"><a href=\"https:\/\/bijoududoubs.com\/?page_id=255&#038;lang=fr\" class=\"more-link\"><span class=\"screen-reader-text\">\u201eFR 0201 Notre Restaurant &#8211; Notre menu\u201c <\/span>weiterlesen<\/a><\/p>\n","protected":false},"author":2,"featured_media":0,"parent":0,"menu_order":0,"comment_status":"closed","ping_status":"closed","template":"","meta":{"footnotes":""},"class_list":["post-255","page","type-page","status-publish","hentry"],"_links":{"self":[{"href":"https:\/\/bijoududoubs.com\/index.php?rest_route=\/wp\/v2\/pages\/255","targetHints":{"allow":["GET"]}}],"collection":[{"href":"https:\/\/bijoududoubs.com\/index.php?rest_route=\/wp\/v2\/pages"}],"about":[{"href":"https:\/\/bijoududoubs.com\/index.php?rest_route=\/wp\/v2\/types\/page"}],"author":[{"embeddable":true,"href":"https:\/\/bijoududoubs.com\/index.php?rest_route=\/wp\/v2\/users\/2"}],"replies":[{"embeddable":true,"href":"https:\/\/bijoududoubs.com\/index.php?rest_route=%2Fwp%2Fv2%2Fcomments&post=255"}],"version-history":[{"count":45,"href":"https:\/\/bijoududoubs.com\/index.php?rest_route=\/wp\/v2\/pages\/255\/revisions"}],"predecessor-version":[{"id":7269,"href":"https:\/\/bijoududoubs.com\/index.php?rest_route=\/wp\/v2\/pages\/255\/revisions\/7269"}],"wp:attachment":[{"href":"https:\/\/bijoududoubs.com\/index.php?rest_route=%2Fwp%2Fv2%2Fmedia&parent=255"}],"curies":[{"name":"wp","href":"https:\/\/api.w.org\/{rel}","templated":true}]}}