{"id":1753,"date":"2021-12-28T21:47:16","date_gmt":"2021-12-28T20:47:16","guid":{"rendered":"https:\/\/bijoududoubs.com\/?page_id=1753"},"modified":"2023-01-26T16:05:25","modified_gmt":"2023-01-26T15:05:25","slug":"fr-05-galerie-ornithologues","status":"publish","type":"page","link":"https:\/\/bijoududoubs.com\/?page_id=1753&lang=fr","title":{"rendered":"FR 0502 Galerie &#8211; Ornithologues"},"content":{"rendered":"\n<h2 class=\"wp-block-heading\" style=\"font-size:34px\"><strong><span style=\"color:#7c9a64\" class=\"has-inline-color\">Impressions pour nos h\u00f4tes ornithologues<\/span><\/strong><\/h2>\n\n\n\n<p style=\"line-height:1.4\"><mark style=\"background-color:rgba(0, 0, 0, 0);color:#3b7ab4\" class=\"has-inline-color\">Nous souhaitons ici vous faire d\u00e9couvrir la diversit\u00e9 unique de l&#8217;avifaune que vous trouverez s\u00fbrement et \u00e0 proximit\u00e9 de notre camping : <\/mark><a rel=\"noreferrer noopener\" href=\"https:\/\/inpn.mnhn.fr\/espece\/cd_nom\/3582\" target=\"_blank\"><strong><mark style=\"background-color:rgba(0, 0, 0, 0);color:#3b7ab4\" class=\"has-inline-color\"><mark style=\"background-color:rgba(0, 0, 0, 0);color:#3b7ab4\" class=\"has-inline-color\">gu\u00eapier d&#8217;Europe<\/mark><\/mark><\/strong><\/a><mark style=\"background-color:rgba(0, 0, 0, 0);color:#3b7ab4\" class=\"has-inline-color\">, <mark style=\"background-color:rgba(0, 0, 0, 0);color:#3b7ab4\" class=\"has-inline-color\"><a rel=\"noreferrer noopener\" href=\"https:\/\/inpn.mnhn.fr\/espece\/cd_nom\/3571\" target=\"_blank\"><strong><mark style=\"background-color:rgba(0, 0, 0, 0);color:#3b7ab4\" class=\"has-inline-color\">martin-p\u00eacheur<\/mark><\/strong><\/a><mark style=\"background-color:rgba(0, 0, 0, 0);color:#3b7ab4\" class=\"has-inline-color\">,<\/mark><\/mark><\/mark> <a rel=\"noreferrer noopener\" href=\"https:\/\/inpn.mnhn.fr\/espece\/cd_nom\/4023\" target=\"_blank\"><strong><mark style=\"background-color:rgba(0, 0, 0, 0);color:#3b7ab4\" class=\"has-inline-color\"><mark style=\"background-color:rgba(0, 0, 0, 0);color:#3b7ab4\" class=\"has-inline-color\">gorgebleue \u00e0 miroir<\/mark><\/mark><\/strong><\/a><mark style=\"background-color:rgba(0, 0, 0, 0);color:#3b7ab4\" class=\"has-inline-color\">, <\/mark><strong><a rel=\"noreferrer noopener\" href=\"https:\/\/inpn.mnhn.fr\/espece\/cd_nom\/2576\" target=\"_blank\"><mark style=\"background-color:rgba(0, 0, 0, 0);color:#3b7ab4\" class=\"has-inline-color\">courlis cendr\u00e9<\/mark><\/a><\/strong><mark style=\"background-color:rgba(0, 0, 0, 0);color:#3b7ab4\" class=\"has-inline-color\">, <\/mark><a rel=\"noreferrer noopener\" href=\"https:\/\/inpn.mnhn.fr\/espece\/cd_nom\/3688\" target=\"_blank\"><strong><mark style=\"background-color:rgba(0, 0, 0, 0);color:#3b7ab4\" class=\"has-inline-color\">hirondelle de rivage<\/mark><\/strong><\/a><mark style=\"background-color:rgba(0, 0, 0, 0);color:#3b7ab4\" class=\"has-inline-color\">, h\u00e9ron, &#8230; mais venez nous voir et prenez vous-m\u00eame vos magnifiques photos \u2026<\/mark><\/p>\n\n\n\n<figure class=\"wp-block-gallery has-nested-images columns-1 is-cropped wp-block-gallery-1 is-layout-flex wp-block-gallery-is-layout-flex\">\n<figure class=\"wp-block-image size-large\"><img loading=\"lazy\" decoding=\"async\" width=\"1024\" height=\"683\" data-id=\"2982\" src=\"https:\/\/bijoududoubs.com\/wp-content\/uploads\/2022\/01\/0502-Bienenfresser_1-1024x683.jpg\" alt=\"\" class=\"wp-image-2982\" srcset=\"https:\/\/bijoududoubs.com\/wp-content\/uploads\/2022\/01\/0502-Bienenfresser_1-1024x683.jpg 1024w, https:\/\/bijoududoubs.com\/wp-content\/uploads\/2022\/01\/0502-Bienenfresser_1-300x200.jpg 300w, https:\/\/bijoududoubs.com\/wp-content\/uploads\/2022\/01\/0502-Bienenfresser_1-768x512.jpg 768w, https:\/\/bijoududoubs.com\/wp-content\/uploads\/2022\/01\/0502-Bienenfresser_1.jpg 1200w\" sizes=\"auto, (max-width: 767px) 89vw, (max-width: 1000px) 54vw, (max-width: 1071px) 543px, 580px\" \/><\/figure>\n\n\n\n<figure class=\"wp-block-image size-large\"><img loading=\"lazy\" decoding=\"async\" width=\"1024\" height=\"409\" data-id=\"2990\" src=\"https:\/\/bijoududoubs.com\/wp-content\/uploads\/2022\/01\/0502-Bienenfresser_2-1024x409.jpg\" alt=\"\" class=\"wp-image-2990\" srcset=\"https:\/\/bijoududoubs.com\/wp-content\/uploads\/2022\/01\/0502-Bienenfresser_2-1024x409.jpg 1024w, https:\/\/bijoududoubs.com\/wp-content\/uploads\/2022\/01\/0502-Bienenfresser_2-300x120.jpg 300w, https:\/\/bijoududoubs.com\/wp-content\/uploads\/2022\/01\/0502-Bienenfresser_2-768x307.jpg 768w, https:\/\/bijoududoubs.com\/wp-content\/uploads\/2022\/01\/0502-Bienenfresser_2.jpg 1200w\" sizes=\"auto, (max-width: 767px) 89vw, (max-width: 1000px) 54vw, (max-width: 1071px) 543px, 580px\" \/><\/figure>\n\n\n\n<figure class=\"wp-block-image size-large\"><img loading=\"lazy\" decoding=\"async\" width=\"1024\" height=\"683\" data-id=\"2993\" src=\"https:\/\/bijoududoubs.com\/wp-content\/uploads\/2022\/01\/0502-Bienenfresser_3-1024x683.jpg\" alt=\"\" class=\"wp-image-2993\" srcset=\"https:\/\/bijoududoubs.com\/wp-content\/uploads\/2022\/01\/0502-Bienenfresser_3-1024x683.jpg 1024w, https:\/\/bijoududoubs.com\/wp-content\/uploads\/2022\/01\/0502-Bienenfresser_3-300x200.jpg 300w, https:\/\/bijoududoubs.com\/wp-content\/uploads\/2022\/01\/0502-Bienenfresser_3-768x512.jpg 768w, https:\/\/bijoududoubs.com\/wp-content\/uploads\/2022\/01\/0502-Bienenfresser_3.jpg 1200w\" sizes=\"auto, (max-width: 767px) 89vw, (max-width: 1000px) 54vw, (max-width: 1071px) 543px, 580px\" \/><\/figure>\n\n\n\n<figure class=\"wp-block-image size-large\"><img loading=\"lazy\" decoding=\"async\" width=\"1024\" height=\"683\" data-id=\"2996\" src=\"https:\/\/bijoududoubs.com\/wp-content\/uploads\/2022\/01\/0502-Bienenfresser_4-1024x683.jpg\" alt=\"\" class=\"wp-image-2996\" srcset=\"https:\/\/bijoududoubs.com\/wp-content\/uploads\/2022\/01\/0502-Bienenfresser_4-1024x683.jpg 1024w, https:\/\/bijoududoubs.com\/wp-content\/uploads\/2022\/01\/0502-Bienenfresser_4-300x200.jpg 300w, https:\/\/bijoududoubs.com\/wp-content\/uploads\/2022\/01\/0502-Bienenfresser_4-768x512.jpg 768w, https:\/\/bijoududoubs.com\/wp-content\/uploads\/2022\/01\/0502-Bienenfresser_4.jpg 1200w\" sizes=\"auto, (max-width: 767px) 89vw, (max-width: 1000px) 54vw, (max-width: 1071px) 543px, 580px\" \/><\/figure>\n\n\n\n<figure class=\"wp-block-image size-large\"><img loading=\"lazy\" decoding=\"async\" width=\"1024\" height=\"680\" data-id=\"3002\" src=\"https:\/\/bijoududoubs.com\/wp-content\/uploads\/2022\/01\/0502-Eisvogel_1-1024x680.jpg\" alt=\"\" class=\"wp-image-3002\" srcset=\"https:\/\/bijoududoubs.com\/wp-content\/uploads\/2022\/01\/0502-Eisvogel_1-1024x680.jpg 1024w, https:\/\/bijoududoubs.com\/wp-content\/uploads\/2022\/01\/0502-Eisvogel_1-300x199.jpg 300w, https:\/\/bijoududoubs.com\/wp-content\/uploads\/2022\/01\/0502-Eisvogel_1-768x510.jpg 768w, https:\/\/bijoududoubs.com\/wp-content\/uploads\/2022\/01\/0502-Eisvogel_1-1536x1020.jpg 1536w, https:\/\/bijoududoubs.com\/wp-content\/uploads\/2022\/01\/0502-Eisvogel_1-2048x1360.jpg 2048w\" sizes=\"auto, (max-width: 767px) 89vw, (max-width: 1000px) 54vw, (max-width: 1071px) 543px, 580px\" \/><\/figure>\n\n\n\n<figure class=\"wp-block-image size-large\"><img loading=\"lazy\" decoding=\"async\" width=\"1024\" height=\"680\" data-id=\"2999\" src=\"https:\/\/bijoududoubs.com\/wp-content\/uploads\/2022\/01\/0502-Brachvogel-1024x680.jpg\" alt=\"\" class=\"wp-image-2999\" srcset=\"https:\/\/bijoududoubs.com\/wp-content\/uploads\/2022\/01\/0502-Brachvogel-1024x680.jpg 1024w, https:\/\/bijoududoubs.com\/wp-content\/uploads\/2022\/01\/0502-Brachvogel-300x199.jpg 300w, https:\/\/bijoududoubs.com\/wp-content\/uploads\/2022\/01\/0502-Brachvogel-768x510.jpg 768w, https:\/\/bijoududoubs.com\/wp-content\/uploads\/2022\/01\/0502-Brachvogel-1536x1020.jpg 1536w, https:\/\/bijoududoubs.com\/wp-content\/uploads\/2022\/01\/0502-Brachvogel-2048x1360.jpg 2048w\" sizes=\"auto, (max-width: 767px) 89vw, (max-width: 1000px) 54vw, (max-width: 1071px) 543px, 580px\" \/><\/figure>\n\n\n\n<figure class=\"wp-block-image size-large\"><img loading=\"lazy\" decoding=\"async\" width=\"1024\" height=\"683\" data-id=\"3014\" src=\"https:\/\/bijoududoubs.com\/wp-content\/uploads\/2022\/01\/0502-Uferscnwalben-1024x683.jpg\" alt=\"\" class=\"wp-image-3014\" srcset=\"https:\/\/bijoududoubs.com\/wp-content\/uploads\/2022\/01\/0502-Uferscnwalben-1024x683.jpg 1024w, https:\/\/bijoududoubs.com\/wp-content\/uploads\/2022\/01\/0502-Uferscnwalben-300x200.jpg 300w, https:\/\/bijoududoubs.com\/wp-content\/uploads\/2022\/01\/0502-Uferscnwalben-768x512.jpg 768w, https:\/\/bijoududoubs.com\/wp-content\/uploads\/2022\/01\/0502-Uferscnwalben.jpg 1200w\" sizes=\"auto, (max-width: 767px) 89vw, (max-width: 1000px) 54vw, (max-width: 1071px) 543px, 580px\" \/><\/figure>\n\n\n\n<figure class=\"wp-block-image size-large\"><img loading=\"lazy\" decoding=\"async\" width=\"1024\" height=\"680\" data-id=\"3008\" src=\"https:\/\/bijoududoubs.com\/wp-content\/uploads\/2022\/01\/0502-Reiher-1024x680.jpg\" alt=\"\" class=\"wp-image-3008\" srcset=\"https:\/\/bijoududoubs.com\/wp-content\/uploads\/2022\/01\/0502-Reiher-1024x680.jpg 1024w, https:\/\/bijoududoubs.com\/wp-content\/uploads\/2022\/01\/0502-Reiher-300x199.jpg 300w, https:\/\/bijoududoubs.com\/wp-content\/uploads\/2022\/01\/0502-Reiher-768x510.jpg 768w, https:\/\/bijoududoubs.com\/wp-content\/uploads\/2022\/01\/0502-Reiher-1536x1020.jpg 1536w, https:\/\/bijoududoubs.com\/wp-content\/uploads\/2022\/01\/0502-Reiher-2048x1360.jpg 2048w\" sizes=\"auto, (max-width: 767px) 89vw, (max-width: 1000px) 54vw, (max-width: 1071px) 543px, 580px\" \/><\/figure>\n\n\n\n<figure class=\"wp-block-image size-large\"><img loading=\"lazy\" decoding=\"async\" width=\"1024\" height=\"680\" data-id=\"3011\" src=\"https:\/\/bijoududoubs.com\/wp-content\/uploads\/2022\/01\/0502-Schwan-1024x680.jpg\" alt=\"\" class=\"wp-image-3011\" srcset=\"https:\/\/bijoududoubs.com\/wp-content\/uploads\/2022\/01\/0502-Schwan-1024x680.jpg 1024w, https:\/\/bijoududoubs.com\/wp-content\/uploads\/2022\/01\/0502-Schwan-300x199.jpg 300w, https:\/\/bijoududoubs.com\/wp-content\/uploads\/2022\/01\/0502-Schwan-768x510.jpg 768w, https:\/\/bijoududoubs.com\/wp-content\/uploads\/2022\/01\/0502-Schwan-1536x1020.jpg 1536w, https:\/\/bijoududoubs.com\/wp-content\/uploads\/2022\/01\/0502-Schwan-2048x1360.jpg 2048w\" sizes=\"auto, (max-width: 767px) 89vw, (max-width: 1000px) 54vw, (max-width: 1071px) 543px, 580px\" \/><\/figure>\n\n\n\n<figure class=\"wp-block-image size-large\"><img loading=\"lazy\" decoding=\"async\" width=\"1024\" height=\"683\" data-id=\"3005\" src=\"https:\/\/bijoududoubs.com\/wp-content\/uploads\/2022\/01\/0502-Libelle-1024x683.jpg\" alt=\"\" class=\"wp-image-3005\" srcset=\"https:\/\/bijoududoubs.com\/wp-content\/uploads\/2022\/01\/0502-Libelle-1024x683.jpg 1024w, https:\/\/bijoududoubs.com\/wp-content\/uploads\/2022\/01\/0502-Libelle-300x200.jpg 300w, https:\/\/bijoududoubs.com\/wp-content\/uploads\/2022\/01\/0502-Libelle-768x512.jpg 768w, https:\/\/bijoududoubs.com\/wp-content\/uploads\/2022\/01\/0502-Libelle.jpg 1200w\" sizes=\"auto, (max-width: 767px) 89vw, (max-width: 1000px) 54vw, (max-width: 1071px) 543px, 580px\" \/><\/figure>\n\n\n\n<figure class=\"wp-block-image size-large\"><img loading=\"lazy\" decoding=\"async\" width=\"1024\" height=\"683\" data-id=\"3017\" src=\"https:\/\/bijoududoubs.com\/wp-content\/uploads\/2022\/01\/0502-Unbekannt-1024x683.jpg\" alt=\"\" class=\"wp-image-3017\" srcset=\"https:\/\/bijoududoubs.com\/wp-content\/uploads\/2022\/01\/0502-Unbekannt-1024x683.jpg 1024w, https:\/\/bijoududoubs.com\/wp-content\/uploads\/2022\/01\/0502-Unbekannt-300x200.jpg 300w, https:\/\/bijoududoubs.com\/wp-content\/uploads\/2022\/01\/0502-Unbekannt-768x512.jpg 768w, https:\/\/bijoududoubs.com\/wp-content\/uploads\/2022\/01\/0502-Unbekannt-1536x1024.jpg 1536w, https:\/\/bijoududoubs.com\/wp-content\/uploads\/2022\/01\/0502-Unbekannt-2048x1366.jpg 2048w\" sizes=\"auto, (max-width: 767px) 89vw, (max-width: 1000px) 54vw, (max-width: 1071px) 543px, 580px\" \/><\/figure>\n<\/figure>\n","protected":false},"excerpt":{"rendered":"<p>Impressions pour nos h\u00f4tes ornithologues Nous souhaitons ici vous faire d\u00e9couvrir la diversit\u00e9 unique de l&#8217;avifaune que vous trouverez s\u00fbrement et \u00e0 proximit\u00e9 de notre camping : gu\u00eapier d&#8217;Europe, martin-p\u00eacheur, gorgebleue \u00e0 miroir, courlis cendr\u00e9, hirondelle de rivage, h\u00e9ron, &#8230; mais venez nous voir et prenez vous-m\u00eame vos magnifiques photos \u2026<\/p>\n","protected":false},"author":2,"featured_media":0,"parent":0,"menu_order":0,"comment_status":"closed","ping_status":"closed","template":"","meta":{"footnotes":""},"class_list":["post-1753","page","type-page","status-publish","hentry"],"_links":{"self":[{"href":"https:\/\/bijoududoubs.com\/index.php?rest_route=\/wp\/v2\/pages\/1753","targetHints":{"allow":["GET"]}}],"collection":[{"href":"https:\/\/bijoududoubs.com\/index.php?rest_route=\/wp\/v2\/pages"}],"about":[{"href":"https:\/\/bijoududoubs.com\/index.php?rest_route=\/wp\/v2\/types\/page"}],"author":[{"embeddable":true,"href":"https:\/\/bijoududoubs.com\/index.php?rest_route=\/wp\/v2\/users\/2"}],"replies":[{"embeddable":true,"href":"https:\/\/bijoududoubs.com\/index.php?rest_route=%2Fwp%2Fv2%2Fcomments&post=1753"}],"version-history":[{"count":13,"href":"https:\/\/bijoududoubs.com\/index.php?rest_route=\/wp\/v2\/pages\/1753\/revisions"}],"predecessor-version":[{"id":5056,"href":"https:\/\/bijoududoubs.com\/index.php?rest_route=\/wp\/v2\/pages\/1753\/revisions\/5056"}],"wp:attachment":[{"href":"https:\/\/bijoududoubs.com\/index.php?rest_route=%2Fwp%2Fv2%2Fmedia&parent=1753"}],"curies":[{"name":"wp","href":"https:\/\/api.w.org\/{rel}","templated":true}]}}