{"id":1341,"date":"2021-12-25T12:44:10","date_gmt":"2021-12-25T11:44:10","guid":{"rendered":"https:\/\/bijoududoubs.com\/?page_id=1341"},"modified":"2026-01-26T10:49:09","modified_gmt":"2026-01-26T09:49:09","slug":"fr-04-a-savoir-cartes-de-peche","status":"publish","type":"page","link":"https:\/\/bijoududoubs.com\/?page_id=1341&lang=fr","title":{"rendered":"FR 0402 \u00c0 savoir &#8211; Cartes de P\u00eache"},"content":{"rendered":"\n<h2 class=\"wp-block-heading\" style=\"font-size:34px\"><strong><span style=\"color:#7c9a64\" class=\"has-inline-color\">Cartes de P\u00eache<\/span><\/strong><\/h2>\n\n\n\n<p class=\"has-text-color has-link-color wp-elements-faa1e568e43c9314adf67354e1f5ba30\" style=\"color:#3b7ab4;line-height:1.4\"><mark style=\"background-color:rgba(0, 0, 0, 0);color:#3b7ab4\" class=\"has-inline-color\">Pour p\u00eacher dans le Doubs, il faut une <strong>&#8222;carte de p\u00eache&#8220;<\/strong>. Vous pouvez vous la procurer directement chez nous. Vous trouverez ci-dessous les tarifs en vigueur pour la saison en cours<\/mark> <mark style=\"background-color:rgba(0, 0, 0, 0);color:#3b7ab4\" class=\"has-inline-color\">(ou <\/mark><strong><mark style=\"background-color:rgba(0, 0, 0, 0);color:#3b7ab4\" class=\"has-inline-color\"><a href=\"https:\/\/www.peche-saone-et-loire.fr\/peche-pratique\/carte-de-peche-2026\/\" target=\"_blank\" rel=\"noreferrer noopener\"><mark style=\"background-color:rgba(0, 0, 0, 0);color:#3b7ab4\" class=\"has-inline-color\"><strong><a href=\"https:\/\/www.peche-saone-et-loire.fr\/peche-pratique\/extrait-de-la-reglementation\/\" target=\"_blank\" rel=\"noreferrer noopener\"><mark style=\"background-color:rgba(0, 0, 0, 0);color:#3b7ab4\" class=\"has-inline-color\">ici<\/mark><\/a><\/strong><\/mark><\/a><\/mark><\/strong><mark style=\"background-color:rgba(0, 0, 0, 0);color:#3b7ab4\" class=\"has-inline-color\"> sur le site officiel). <\/mark><\/p>\n\n\n\n<div class=\"wp-block-columns are-vertically-aligned-center is-layout-flex wp-container-core-columns-is-layout-9d6595d7 wp-block-columns-is-layout-flex\">\n<div class=\"wp-block-column is-vertically-aligned-center is-layout-flow wp-block-column-is-layout-flow\" style=\"flex-basis:10%\"><div class=\"wp-block-image\">\n<figure class=\"aligncenter size-full\"><img loading=\"lazy\" decoding=\"async\" width=\"192\" height=\"161\" src=\"https:\/\/bijoududoubs.com\/wp-content\/uploads\/2022\/01\/0402-Piktogramm-ACHTUNG.png\" alt=\"\" class=\"wp-image-2808\"\/><\/figure>\n<\/div><\/div>\n\n\n\n<div class=\"wp-block-column is-vertically-aligned-center is-layout-flow wp-block-column-is-layout-flow\" style=\"flex-basis:90%\">\n<p style=\"line-height:1.4\"><mark style=\"background-color:rgba(0, 0, 0, 0);color:#3b7ab4\" class=\"has-inline-color\"><strong>Veuillez noter : <\/strong>Pendant les <\/mark><strong><a href=\"https:\/\/www.peche-saone-et-loire.fr\/peche-pratique\/periodes-douverture\/\" target=\"_blank\" rel=\"noreferrer noopener\"><mark style=\"background-color:rgba(0, 0, 0, 0);color:#3b7ab4\" class=\"has-inline-color\">p\u00e9riodes g\u00e9n\u00e9rales de p\u00eache<\/mark><\/a><\/strong><mark style=\"background-color:rgba(0, 0, 0, 0);color:#3b7ab4\" class=\"has-inline-color\">, la p\u00eache ne peut s\u2019exercer plus d\u2019une demi-heure avant le lever du soleil, ni plus d\u2019une demi-heure apr\u00e8s son coucher, quel que soit le mode de p\u00eache utilis\u00e9. Pour connaitre les heures de lever de soleil, vous pouvez utiliser <\/mark><a href=\"https:\/\/www.ephemeride.com\/calendrier\/solaire\/19\/\" target=\"_blank\" rel=\"noreferrer noopener\"><mark style=\"background-color:rgba(0, 0, 0, 0);color:#3b7ab4\" class=\"has-inline-color\"><strong>ce site<\/strong><\/mark><\/a><mark style=\"background-color:rgba(0, 0, 0, 0);color:#3b7ab4\" class=\"has-inline-color\">.<\/mark>  <\/p>\n<\/div>\n<\/div>\n\n\n\n<p style=\"line-height:1.4\"><mark style=\"background-color:rgba(0, 0, 0, 0);color:#3b7ab4\" class=\"has-inline-color\">Pour plus de d\u00e9tails sur la r\u00e9glementation et les restrictions actuellement en vigueur pour le Doubs, cliquez <strong><a href=\"https:\/\/www.peche-saone-et-loire.fr\/peche-pratique\/extrait-de-la-reglementation\/\" target=\"_blank\" rel=\"noreferrer noopener\"><mark style=\"background-color:rgba(0, 0, 0, 0);color:#3b7ab4\" class=\"has-inline-color\">ici<\/mark><\/a><\/strong>.<\/mark><\/p>\n\n\n\n<figure class=\"wp-block-image size-large\"><img loading=\"lazy\" decoding=\"async\" width=\"1024\" height=\"723\" src=\"https:\/\/bijoududoubs.com\/wp-content\/uploads\/2026\/01\/0402-FR-Prix-Carte-de-Peche-2026-1024x723.png\" alt=\"\" class=\"wp-image-7069\" srcset=\"https:\/\/bijoududoubs.com\/wp-content\/uploads\/2026\/01\/0402-FR-Prix-Carte-de-Peche-2026-1024x723.png 1024w, https:\/\/bijoududoubs.com\/wp-content\/uploads\/2026\/01\/0402-FR-Prix-Carte-de-Peche-2026-300x212.png 300w, https:\/\/bijoududoubs.com\/wp-content\/uploads\/2026\/01\/0402-FR-Prix-Carte-de-Peche-2026-768x542.png 768w, https:\/\/bijoududoubs.com\/wp-content\/uploads\/2026\/01\/0402-FR-Prix-Carte-de-Peche-2026.png 1240w\" sizes=\"auto, (max-width: 767px) 89vw, (max-width: 1000px) 54vw, (max-width: 1071px) 543px, 580px\" \/><\/figure>\n","protected":false},"excerpt":{"rendered":"<p>Cartes de P\u00eache Pour p\u00eacher dans le Doubs, il faut une &#8222;carte de p\u00eache&#8220;. Vous pouvez vous la procurer directement chez nous. Vous trouverez ci-dessous les tarifs en vigueur pour la saison en cours (ou ici sur le site officiel). Veuillez noter : Pendant les p\u00e9riodes g\u00e9n\u00e9rales de p\u00eache, la p\u00eache ne peut s\u2019exercer plus &hellip; <\/p>\n<p class=\"link-more\"><a href=\"https:\/\/bijoududoubs.com\/?page_id=1341&#038;lang=fr\" class=\"more-link\"><span class=\"screen-reader-text\">\u201eFR 0402 \u00c0 savoir &#8211; Cartes de P\u00eache\u201c <\/span>weiterlesen<\/a><\/p>\n","protected":false},"author":2,"featured_media":0,"parent":0,"menu_order":0,"comment_status":"closed","ping_status":"closed","template":"","meta":{"footnotes":""},"class_list":["post-1341","page","type-page","status-publish","hentry"],"_links":{"self":[{"href":"https:\/\/bijoududoubs.com\/index.php?rest_route=\/wp\/v2\/pages\/1341","targetHints":{"allow":["GET"]}}],"collection":[{"href":"https:\/\/bijoududoubs.com\/index.php?rest_route=\/wp\/v2\/pages"}],"about":[{"href":"https:\/\/bijoududoubs.com\/index.php?rest_route=\/wp\/v2\/types\/page"}],"author":[{"embeddable":true,"href":"https:\/\/bijoududoubs.com\/index.php?rest_route=\/wp\/v2\/users\/2"}],"replies":[{"embeddable":true,"href":"https:\/\/bijoududoubs.com\/index.php?rest_route=%2Fwp%2Fv2%2Fcomments&post=1341"}],"version-history":[{"count":24,"href":"https:\/\/bijoududoubs.com\/index.php?rest_route=\/wp\/v2\/pages\/1341\/revisions"}],"predecessor-version":[{"id":7080,"href":"https:\/\/bijoududoubs.com\/index.php?rest_route=\/wp\/v2\/pages\/1341\/revisions\/7080"}],"wp:attachment":[{"href":"https:\/\/bijoududoubs.com\/index.php?rest_route=%2Fwp%2Fv2%2Fmedia&parent=1341"}],"curies":[{"name":"wp","href":"https:\/\/api.w.org\/{rel}","templated":true}]}}