{"id":1318,"date":"2021-12-24T15:38:20","date_gmt":"2021-12-24T14:38:20","guid":{"rendered":"https:\/\/bijoududoubs.com\/?page_id=1318"},"modified":"2026-01-26T10:58:05","modified_gmt":"2026-01-26T09:58:05","slug":"de-04-wissenswertes-carte-de-peche","status":"publish","type":"page","link":"https:\/\/bijoududoubs.com\/?page_id=1318","title":{"rendered":"DE 0402 Wissenswertes &#8211; Angelscheine"},"content":{"rendered":"\n<h2 class=\"wp-block-heading\" style=\"font-size:34px\"><strong><span style=\"color:#7c9a64\" class=\"has-inline-color\">Angelscheine<\/span><\/strong><\/h2>\n\n\n\n<p class=\"has-text-color has-link-color wp-elements-2489c07c4295c15fb2ef1ec6c6d3f06c\" style=\"color:#3b7ab4;line-height:1.4\"><mark style=\"background-color:rgba(0, 0, 0, 0);color:#3b7ab4\" class=\"has-inline-color\">F\u00fcr das Angeln im Doubs ist ein <strong>Angelschein<\/strong> (&#8222;Carte de P\u00eache&#8220;)<\/mark> <mark style=\"background-color:rgba(0, 0, 0, 0);color:#3b7ab4\" class=\"has-inline-color\">erforderlich. Sie k\u00f6nnen diesen direkt bei uns und ohne Umwege erwerben. Nachfolgend finden Sie die f\u00fcr laufende Saison g\u00fcltigen Preise (oder <\/mark><strong><mark style=\"background-color:rgba(0, 0, 0, 0);color:#3b7ab4\" class=\"has-inline-color\"><mark style=\"background-color:rgba(0, 0, 0, 0);color:#3b7ab4\" class=\"has-inline-color\"><strong><a href=\"https:\/\/www.peche-saone-et-loire.fr\/peche-pratique\/carte-de-peche-2026\/\" target=\"_blank\" rel=\"noreferrer noopener\"><mark style=\"background-color:rgba(0, 0, 0, 0);color:#3b7ab4\" class=\"has-inline-color\">hier (nur FR)<\/mark><\/a><\/strong><\/mark><\/mark><\/strong><mark style=\"background-color:rgba(0, 0, 0, 0);color:#3b7ab4\" class=\"has-inline-color\"> <\/mark><mark style=\"background-color:rgba(0, 0, 0, 0);color:#3b7ab4\" class=\"has-inline-color\">auf der offiziellen Seite)<\/mark>.<\/p>\n\n\n\n<div class=\"wp-block-columns are-vertically-aligned-center is-layout-flex wp-container-core-columns-is-layout-9d6595d7 wp-block-columns-is-layout-flex\">\n<div class=\"wp-block-column is-vertically-aligned-center is-layout-flow wp-block-column-is-layout-flow\" style=\"flex-basis:10%\"><div class=\"wp-block-image\">\n<figure class=\"aligncenter size-full\"><img loading=\"lazy\" decoding=\"async\" width=\"192\" height=\"161\" src=\"https:\/\/bijoududoubs.com\/wp-content\/uploads\/2022\/01\/0402-Piktogramm-ACHTUNG.png\" alt=\"\" class=\"wp-image-2802\"\/><\/figure>\n<\/div><\/div>\n\n\n\n<div class=\"wp-block-column is-vertically-aligned-center is-layout-flow wp-block-column-is-layout-flow\" style=\"flex-basis:90%\">\n<p style=\"line-height:1.4\"><mark style=\"background-color:rgba(0, 0, 0, 0);color:#3b7ab4\" class=\"has-inline-color\"><strong>Bitte beachten Sie: <\/strong>W\u00e4hrend der generellen <\/mark><strong><a href=\"https:\/\/www.peche-saone-et-loire.fr\/peche-pratique\/periodes-douverture\/\" target=\"_blank\" rel=\"noreferrer noopener\"><mark style=\"background-color:rgba(0, 0, 0, 0);color:#3b7ab4\" class=\"has-inline-color\">Angelsaison (nur FR)<\/mark><\/a><strong><mark style=\"background-color:rgba(0, 0, 0, 0);color:#3b7ab4\" class=\"has-inline-color\"><\/mark><\/strong><\/strong><mark style=\"background-color:rgba(0, 0, 0, 0);color:#3b7ab4\" class=\"has-inline-color\"> darf nur zwischen einer halben Stunde vor Sonnenaufgang und einer halben Stunde nach Sonnenuntergang geangelt werden, unabh\u00e4ngig von der Art des Angelns. Um die Zeiten des Sonnenauf- und untergangs zu erfahren, k\u00f6nnen Sie <\/mark><strong><a href=\"https:\/\/www.ephemeride.com\/calendrier\/solaire\/19\/\" target=\"_blank\" rel=\"noreferrer noopener\"><mark style=\"background-color:rgba(0, 0, 0, 0);color:#3b7ab4\" class=\"has-inline-color\">diese Seite (nur FR)<\/mark><\/a><\/strong><mark style=\"background-color:rgba(0, 0, 0, 0);color:#3b7ab4\" class=\"has-inline-color\"> <\/mark><mark style=\"background-color:rgba(0, 0, 0, 0);color:#3b7ab4\" class=\"has-inline-color\">nutzen. <\/mark><\/p>\n<\/div>\n<\/div>\n\n\n\n<p style=\"line-height:1.4\"><mark style=\"background-color:rgba(0, 0, 0, 0);color:#3b7ab4\" class=\"has-inline-color\">Weitere Details der aktuell g\u00fcltigen Reglementierungen und Beschr\u00e4nkungen f\u00fcr den Doubs finden Sie <strong><a href=\"https:\/\/www.peche-saone-et-loire.fr\/peche-pratique\/extrait-de-la-reglementation\/\" target=\"_blank\" rel=\"noreferrer noopener\"><mark style=\"background-color:rgba(0, 0, 0, 0);color:#3b7ab4\" class=\"has-inline-color\">hier (nur FR)<\/mark><\/a><\/strong><\/mark>. <\/p>\n\n\n\n<figure class=\"wp-block-image size-large\"><img loading=\"lazy\" decoding=\"async\" width=\"1024\" height=\"723\" src=\"https:\/\/bijoududoubs.com\/wp-content\/uploads\/2026\/01\/0402-DE-Prix-Carte-de-Peche-2026-1024x723.png\" alt=\"\" class=\"wp-image-7072\" srcset=\"https:\/\/bijoududoubs.com\/wp-content\/uploads\/2026\/01\/0402-DE-Prix-Carte-de-Peche-2026-1024x723.png 1024w, https:\/\/bijoududoubs.com\/wp-content\/uploads\/2026\/01\/0402-DE-Prix-Carte-de-Peche-2026-300x212.png 300w, https:\/\/bijoududoubs.com\/wp-content\/uploads\/2026\/01\/0402-DE-Prix-Carte-de-Peche-2026-768x542.png 768w, https:\/\/bijoududoubs.com\/wp-content\/uploads\/2026\/01\/0402-DE-Prix-Carte-de-Peche-2026.png 1240w\" sizes=\"auto, (max-width: 767px) 89vw, (max-width: 1000px) 54vw, (max-width: 1071px) 543px, 580px\" \/><\/figure>\n","protected":false},"excerpt":{"rendered":"<p>Angelscheine F\u00fcr das Angeln im Doubs ist ein Angelschein (&#8222;Carte de P\u00eache&#8220;) erforderlich. Sie k\u00f6nnen diesen direkt bei uns und ohne Umwege erwerben. Nachfolgend finden Sie die f\u00fcr laufende Saison g\u00fcltigen Preise (oder hier (nur FR) auf der offiziellen Seite). Bitte beachten Sie: W\u00e4hrend der generellen Angelsaison (nur FR) darf nur zwischen einer halben Stunde &hellip; <\/p>\n<p class=\"link-more\"><a href=\"https:\/\/bijoududoubs.com\/?page_id=1318\" class=\"more-link\"><span class=\"screen-reader-text\">\u201eDE 0402 Wissenswertes &#8211; Angelscheine\u201c <\/span>weiterlesen<\/a><\/p>\n","protected":false},"author":2,"featured_media":0,"parent":0,"menu_order":0,"comment_status":"closed","ping_status":"closed","template":"","meta":{"footnotes":""},"class_list":["post-1318","page","type-page","status-publish","hentry"],"_links":{"self":[{"href":"https:\/\/bijoududoubs.com\/index.php?rest_route=\/wp\/v2\/pages\/1318","targetHints":{"allow":["GET"]}}],"collection":[{"href":"https:\/\/bijoududoubs.com\/index.php?rest_route=\/wp\/v2\/pages"}],"about":[{"href":"https:\/\/bijoududoubs.com\/index.php?rest_route=\/wp\/v2\/types\/page"}],"author":[{"embeddable":true,"href":"https:\/\/bijoududoubs.com\/index.php?rest_route=\/wp\/v2\/users\/2"}],"replies":[{"embeddable":true,"href":"https:\/\/bijoududoubs.com\/index.php?rest_route=%2Fwp%2Fv2%2Fcomments&post=1318"}],"version-history":[{"count":41,"href":"https:\/\/bijoududoubs.com\/index.php?rest_route=\/wp\/v2\/pages\/1318\/revisions"}],"predecessor-version":[{"id":7087,"href":"https:\/\/bijoududoubs.com\/index.php?rest_route=\/wp\/v2\/pages\/1318\/revisions\/7087"}],"wp:attachment":[{"href":"https:\/\/bijoududoubs.com\/index.php?rest_route=%2Fwp%2Fv2%2Fmedia&parent=1318"}],"curies":[{"name":"wp","href":"https:\/\/api.w.org\/{rel}","templated":true}]}}