{"id":1288,"date":"2021-12-24T13:50:06","date_gmt":"2021-12-24T12:50:06","guid":{"rendered":"https:\/\/bijoududoubs.com\/?page_id=1288"},"modified":"2026-03-26T11:13:57","modified_gmt":"2026-03-26T10:13:57","slug":"de-02-unser-restaurant-unsere-getraenkekarte","status":"publish","type":"page","link":"https:\/\/bijoududoubs.com\/?page_id=1288","title":{"rendered":"DE 0202 Unser Restaurant \u2013 Unsere Getr\u00e4nkekarte"},"content":{"rendered":"\n<h2 class=\"wp-block-heading\" style=\"font-size:34px\"><strong><mark style=\"background-color:rgba(0, 0, 0, 0);color:#7c9a64\" class=\"has-inline-color\">Unsere Wein- und Getr\u00e4nkekarte<\/mark><\/strong><\/h2>\n\n\n\n<p class=\"has-text-color\" style=\"color:#3b7ab4\">Hier finden Sie unsere Getr\u00e4nke- und Weinkarte. Bitte z\u00f6gern Sie nicht, f\u00fcr weitere Getr\u00e4nkew\u00fcnsche unser Servicepersonal anzusprechen.<\/p>\n\n\n\n<div class=\"wp-block-file\"><a id=\"wp-block-file--media-8ab6dba4-e963-4eae-b393-e49a6ba81885\" href=\"https:\/\/bijoududoubs.com\/wp-content\/uploads\/2026\/03\/0202-DE-Getraenke-und-Weinkarte.pdf\" target=\"_blank\" rel=\"noreferrer noopener\"><strong><mark style=\"background-color:rgba(0, 0, 0, 0);color:#3b7ab4\" class=\"has-inline-color\">Hier k\u00f6nnen Sie die Getr\u00e4nke- und Weinkarte im pdf-Format herunterladen.<\/mark><\/strong><\/a><\/div>\n\n\n\n<p><\/p>\n\n\n\n<figure class=\"wp-block-image size-large\"><img loading=\"lazy\" decoding=\"async\" width=\"724\" height=\"1024\" src=\"https:\/\/bijoududoubs.com\/wp-content\/uploads\/2026\/03\/0202-DE-Getraenke-und-Weinkarte-p1-724x1024.png\" alt=\"\" class=\"wp-image-7236\" srcset=\"https:\/\/bijoududoubs.com\/wp-content\/uploads\/2026\/03\/0202-DE-Getraenke-und-Weinkarte-p1-724x1024.png 724w, https:\/\/bijoududoubs.com\/wp-content\/uploads\/2026\/03\/0202-DE-Getraenke-und-Weinkarte-p1-212x300.png 212w, https:\/\/bijoududoubs.com\/wp-content\/uploads\/2026\/03\/0202-DE-Getraenke-und-Weinkarte-p1-768x1086.png 768w, https:\/\/bijoududoubs.com\/wp-content\/uploads\/2026\/03\/0202-DE-Getraenke-und-Weinkarte-p1-1086x1536.png 1086w, https:\/\/bijoududoubs.com\/wp-content\/uploads\/2026\/03\/0202-DE-Getraenke-und-Weinkarte-p1.png 1240w\" sizes=\"auto, (max-width: 724px) 100vw, 724px\" \/><\/figure>\n\n\n\n<figure class=\"wp-block-image size-large\"><img loading=\"lazy\" decoding=\"async\" width=\"724\" height=\"1024\" src=\"https:\/\/bijoududoubs.com\/wp-content\/uploads\/2026\/03\/0202-DE-Getraenke-und-Weinkarte-p2-724x1024.png\" alt=\"\" class=\"wp-image-7237\" srcset=\"https:\/\/bijoududoubs.com\/wp-content\/uploads\/2026\/03\/0202-DE-Getraenke-und-Weinkarte-p2-724x1024.png 724w, https:\/\/bijoududoubs.com\/wp-content\/uploads\/2026\/03\/0202-DE-Getraenke-und-Weinkarte-p2-212x300.png 212w, https:\/\/bijoududoubs.com\/wp-content\/uploads\/2026\/03\/0202-DE-Getraenke-und-Weinkarte-p2-768x1086.png 768w, https:\/\/bijoududoubs.com\/wp-content\/uploads\/2026\/03\/0202-DE-Getraenke-und-Weinkarte-p2-1086x1536.png 1086w, https:\/\/bijoududoubs.com\/wp-content\/uploads\/2026\/03\/0202-DE-Getraenke-und-Weinkarte-p2.png 1240w\" sizes=\"auto, (max-width: 724px) 100vw, 724px\" \/><\/figure>\n\n\n\n<figure class=\"wp-block-image size-large\"><img loading=\"lazy\" decoding=\"async\" width=\"724\" height=\"1024\" src=\"https:\/\/bijoududoubs.com\/wp-content\/uploads\/2026\/03\/0202-DE-Getraenke-und-Weinkarte-p3-724x1024.png\" alt=\"\" class=\"wp-image-7238\" srcset=\"https:\/\/bijoududoubs.com\/wp-content\/uploads\/2026\/03\/0202-DE-Getraenke-und-Weinkarte-p3-724x1024.png 724w, https:\/\/bijoududoubs.com\/wp-content\/uploads\/2026\/03\/0202-DE-Getraenke-und-Weinkarte-p3-212x300.png 212w, https:\/\/bijoududoubs.com\/wp-content\/uploads\/2026\/03\/0202-DE-Getraenke-und-Weinkarte-p3-768x1086.png 768w, https:\/\/bijoududoubs.com\/wp-content\/uploads\/2026\/03\/0202-DE-Getraenke-und-Weinkarte-p3-1086x1536.png 1086w, https:\/\/bijoududoubs.com\/wp-content\/uploads\/2026\/03\/0202-DE-Getraenke-und-Weinkarte-p3.png 1240w\" sizes=\"auto, (max-width: 724px) 100vw, 724px\" \/><\/figure>\n\n\n\n<figure class=\"wp-block-image size-large\"><img loading=\"lazy\" decoding=\"async\" width=\"724\" height=\"1024\" src=\"https:\/\/bijoududoubs.com\/wp-content\/uploads\/2026\/03\/0202-DE-Getraenke-und-Weinkarte-p4-724x1024.png\" alt=\"\" class=\"wp-image-7234\" srcset=\"https:\/\/bijoududoubs.com\/wp-content\/uploads\/2026\/03\/0202-DE-Getraenke-und-Weinkarte-p4-724x1024.png 724w, https:\/\/bijoududoubs.com\/wp-content\/uploads\/2026\/03\/0202-DE-Getraenke-und-Weinkarte-p4-212x300.png 212w, https:\/\/bijoududoubs.com\/wp-content\/uploads\/2026\/03\/0202-DE-Getraenke-und-Weinkarte-p4-768x1086.png 768w, https:\/\/bijoududoubs.com\/wp-content\/uploads\/2026\/03\/0202-DE-Getraenke-und-Weinkarte-p4-1086x1536.png 1086w, https:\/\/bijoududoubs.com\/wp-content\/uploads\/2026\/03\/0202-DE-Getraenke-und-Weinkarte-p4.png 1240w\" sizes=\"auto, (max-width: 724px) 100vw, 724px\" \/><\/figure>\n","protected":false},"excerpt":{"rendered":"<p>Unsere Wein- und Getr\u00e4nkekarte Hier finden Sie unsere Getr\u00e4nke- und Weinkarte. Bitte z\u00f6gern Sie nicht, f\u00fcr weitere Getr\u00e4nkew\u00fcnsche unser Servicepersonal anzusprechen.<\/p>\n","protected":false},"author":2,"featured_media":0,"parent":0,"menu_order":0,"comment_status":"closed","ping_status":"closed","template":"","meta":{"footnotes":""},"class_list":["post-1288","page","type-page","status-publish","hentry"],"_links":{"self":[{"href":"https:\/\/bijoududoubs.com\/index.php?rest_route=\/wp\/v2\/pages\/1288","targetHints":{"allow":["GET"]}}],"collection":[{"href":"https:\/\/bijoududoubs.com\/index.php?rest_route=\/wp\/v2\/pages"}],"about":[{"href":"https:\/\/bijoududoubs.com\/index.php?rest_route=\/wp\/v2\/types\/page"}],"author":[{"embeddable":true,"href":"https:\/\/bijoududoubs.com\/index.php?rest_route=\/wp\/v2\/users\/2"}],"replies":[{"embeddable":true,"href":"https:\/\/bijoududoubs.com\/index.php?rest_route=%2Fwp%2Fv2%2Fcomments&post=1288"}],"version-history":[{"count":25,"href":"https:\/\/bijoududoubs.com\/index.php?rest_route=\/wp\/v2\/pages\/1288\/revisions"}],"predecessor-version":[{"id":7240,"href":"https:\/\/bijoududoubs.com\/index.php?rest_route=\/wp\/v2\/pages\/1288\/revisions\/7240"}],"wp:attachment":[{"href":"https:\/\/bijoududoubs.com\/index.php?rest_route=%2Fwp%2Fv2%2Fmedia&parent=1288"}],"curies":[{"name":"wp","href":"https:\/\/api.w.org\/{rel}","templated":true}]}}